{"id":212,"date":"2025-08-08T14:03:22","date_gmt":"2025-08-08T13:03:22","guid":{"rendered":"https:\/\/loadless.be\/?page_id=212"},"modified":"2025-08-08T14:03:23","modified_gmt":"2025-08-08T13:03:23","slug":"spring-garden-week","status":"publish","type":"page","link":"https:\/\/loadless.be\/index.php\/spring-garden-week\/","title":{"rendered":"Spring Garden week"},"content":{"rendered":"\n<div class=\"wp-block-group alignfull is-style-section-1 has-global-padding is-layout-constrained wp-block-group-is-layout-constrained is-style-section-1--1\" style=\"margin-top:0;margin-bottom:0;padding-top:var(--wp--preset--spacing--80);padding-bottom:var(--wp--preset--spacing--80)\">\n<div class=\"wp-block-columns alignwide is-layout-flex wp-container-core-columns-is-layout-66fad18a wp-block-columns-is-layout-flex\">\n<div class=\"wp-block-column is-layout-flow wp-block-column-is-layout-flow\" style=\"padding-right:var(--wp--preset--spacing--50);flex-basis:45%\">\n<figure class=\"wp-block-image size-full\"><img loading=\"lazy\" decoding=\"async\" width=\"2560\" height=\"1700\" src=\"https:\/\/loadless.be\/wp-content\/uploads\/2025\/08\/DSC_0032-scaled.jpg\" alt=\"\" class=\"wp-image-220\" srcset=\"https:\/\/loadless.be\/wp-content\/uploads\/2025\/08\/DSC_0032-scaled.jpg 2560w, https:\/\/loadless.be\/wp-content\/uploads\/2025\/08\/DSC_0032-300x199.jpg 300w, https:\/\/loadless.be\/wp-content\/uploads\/2025\/08\/DSC_0032-1024x680.jpg 1024w, https:\/\/loadless.be\/wp-content\/uploads\/2025\/08\/DSC_0032-768x510.jpg 768w, https:\/\/loadless.be\/wp-content\/uploads\/2025\/08\/DSC_0032-1536x1020.jpg 1536w, https:\/\/loadless.be\/wp-content\/uploads\/2025\/08\/DSC_0032-2048x1360.jpg 2048w\" sizes=\"auto, (max-width: 2560px) 100vw, 2560px\" \/><\/figure>\n\n\n\n<div class=\"wp-block-group has-global-padding is-layout-constrained wp-block-group-is-layout-constrained\" style=\"margin-top:-12vw\">\n<figure class=\"wp-block-image alignright size-full is-resized\" style=\"margin-right:-5vw;margin-left:-5vw\"><img loading=\"lazy\" decoding=\"async\" width=\"2560\" height=\"1700\" src=\"https:\/\/loadless.be\/wp-content\/uploads\/2025\/08\/DSC_0024-edited-scaled.jpg\" alt=\"\" class=\"wp-image-222\" style=\"width:323px;height:auto\" srcset=\"https:\/\/loadless.be\/wp-content\/uploads\/2025\/08\/DSC_0024-edited-scaled.jpg 2560w, https:\/\/loadless.be\/wp-content\/uploads\/2025\/08\/DSC_0024-edited-300x199.jpg 300w, https:\/\/loadless.be\/wp-content\/uploads\/2025\/08\/DSC_0024-edited-1024x680.jpg 1024w, https:\/\/loadless.be\/wp-content\/uploads\/2025\/08\/DSC_0024-edited-768x510.jpg 768w, https:\/\/loadless.be\/wp-content\/uploads\/2025\/08\/DSC_0024-edited-1536x1020.jpg 1536w, https:\/\/loadless.be\/wp-content\/uploads\/2025\/08\/DSC_0024-edited-2048x1360.jpg 2048w\" sizes=\"auto, (max-width: 2560px) 100vw, 2560px\" \/><\/figure>\n<\/div>\n<\/div>\n\n\n\n<div class=\"wp-block-column is-vertically-aligned-center is-layout-flow wp-block-column-is-layout-flow\" style=\"padding-right:0;padding-left:0;flex-basis:50%\">\n<p class=\"is-style-text-subtitle has-medium-font-size is-style-text-subtitle--2\"><em><strong>Spring Garden week<\/strong><\/em> is a week long Challenge with prompts to make springy illustrations of various gardens. <br>Taking on a &#8220;day job&#8221; means less time for your art and challenges are a great way to stay in touch with your craft in between projects.<\/p>\n<\/div>\n<\/div>\n<\/div>\n\n\n\n<div class=\"wp-block-group alignfull has-global-padding is-layout-constrained wp-block-group-is-layout-constrained\" style=\"margin-top:0;margin-bottom:0;padding-top:var(--wp--preset--spacing--60);padding-bottom:var(--wp--preset--spacing--60)\">\n<div class=\"wp-block-columns alignwide is-layout-flex wp-container-core-columns-is-layout-74b2cda3 wp-block-columns-is-layout-flex\">\n<div class=\"wp-block-column is-layout-flow wp-block-column-is-layout-flow\" style=\"padding-top:0;padding-right:0;padding-bottom:0;padding-left:0\">\n<div class=\"wp-block-media-text has-media-on-the-right is-stacked-on-mobile\" style=\"grid-template-columns:auto 65%\"><div class=\"wp-block-media-text__content\">\n<h2 class=\"wp-block-heading\">Flower Garden illustration<\/h2>\n\n\n\n<p>For those who may not have access to a piece of land but still enjoy plants. During my study I was living in the big bad city. So my flatmate and myself only had access to a narrow balcony. Needless to say, it was filled with flowers every spring.<\/p>\n\n\n\n<p class=\"has-text-align-right\">Pour celles et ceux qui n&#8217;ont pas de jardin mais aiment les plantes. Durant mes \u00e9tudes j&#8217;habitais la grande vilaine ville. Avec ma colocatrice nous n&#8217;avions qu&#8217;un \u00e9troit balcon. Bien entendu nous le couvrions de fleurs \u00e0 chaque printemps.<\/p>\n<\/div><figure class=\"wp-block-media-text__media\"><img loading=\"lazy\" decoding=\"async\" width=\"1024\" height=\"658\" src=\"https:\/\/loadless.be\/wp-content\/uploads\/2025\/08\/flowerGarden-1024x658.jpg\" alt=\"\" class=\"wp-image-214 size-full\" srcset=\"https:\/\/loadless.be\/wp-content\/uploads\/2025\/08\/flowerGarden-1024x658.jpg 1024w, https:\/\/loadless.be\/wp-content\/uploads\/2025\/08\/flowerGarden-300x193.jpg 300w, https:\/\/loadless.be\/wp-content\/uploads\/2025\/08\/flowerGarden-768x494.jpg 768w, https:\/\/loadless.be\/wp-content\/uploads\/2025\/08\/flowerGarden-1536x987.jpg 1536w, https:\/\/loadless.be\/wp-content\/uploads\/2025\/08\/flowerGarden.jpg 1590w\" sizes=\"auto, (max-width: 1024px) 100vw, 1024px\" \/><\/figure><\/div>\n<\/div>\n<\/div>\n<\/div>\n\n\n\n<div class=\"wp-block-group alignfull has-global-padding is-layout-constrained wp-container-core-group-is-layout-ebee8dc1 wp-block-group-is-layout-constrained\" style=\"margin-top:0;margin-bottom:0;padding-top:var(--wp--preset--spacing--50);padding-bottom:var(--wp--preset--spacing--50)\">\n<h2 class=\"wp-block-heading alignwide\"><\/h2>\n\n\n\n<div class=\"wp-block-columns alignwide is-layout-flex wp-container-core-columns-is-layout-28f84493 wp-block-columns-is-layout-flex\">\n<div class=\"wp-block-column is-layout-flow wp-block-column-is-layout-flow\">\n<figure class=\"wp-block-image size-full\" style=\"margin-bottom:24px\"><img loading=\"lazy\" decoding=\"async\" width=\"1216\" height=\"808\" src=\"https:\/\/loadless.be\/wp-content\/uploads\/2025\/08\/cottage-Garden-1.jpg\" alt=\"\" class=\"wp-image-215\" style=\"aspect-ratio:4\/3;object-fit:cover\" srcset=\"https:\/\/loadless.be\/wp-content\/uploads\/2025\/08\/cottage-Garden-1.jpg 1216w, https:\/\/loadless.be\/wp-content\/uploads\/2025\/08\/cottage-Garden-1-300x199.jpg 300w, https:\/\/loadless.be\/wp-content\/uploads\/2025\/08\/cottage-Garden-1-1024x680.jpg 1024w, https:\/\/loadless.be\/wp-content\/uploads\/2025\/08\/cottage-Garden-1-768x510.jpg 768w\" sizes=\"auto, (max-width: 1216px) 100vw, 1216px\" \/><\/figure>\n\n\n\n<h3 class=\"wp-block-heading\">Cottage Garden<\/h3>\n\n\n\n<p class=\"has-medium-font-size\">A cute little stone house. A rocky wall slightly crumbling down. wisteria and grape vine crawling up, and a cozy patch of veggies. <\/p>\n\n\n\n<p class=\"has-text-align-right\">Une mignonne maison de pierre. Un muret us\u00e9 par le temps. Une glycine et des vignes qui grimpent o\u00f9 elles peuvent et un carr\u00e9 de l\u00e9gumes r\u00e9confortants.<\/p>\n<\/div>\n\n\n\n<div class=\"wp-block-column is-layout-flow wp-block-column-is-layout-flow\">\n<figure class=\"wp-block-image size-full\" style=\"margin-bottom:24px\"><img loading=\"lazy\" decoding=\"async\" width=\"2560\" height=\"1700\" src=\"https:\/\/loadless.be\/wp-content\/uploads\/2025\/08\/DSC_0024-1-scaled.jpg\" alt=\"\" class=\"wp-image-221\" style=\"aspect-ratio:4\/3;object-fit:cover\" srcset=\"https:\/\/loadless.be\/wp-content\/uploads\/2025\/08\/DSC_0024-1-scaled.jpg 2560w, https:\/\/loadless.be\/wp-content\/uploads\/2025\/08\/DSC_0024-1-300x199.jpg 300w, https:\/\/loadless.be\/wp-content\/uploads\/2025\/08\/DSC_0024-1-1024x680.jpg 1024w, https:\/\/loadless.be\/wp-content\/uploads\/2025\/08\/DSC_0024-1-768x510.jpg 768w, https:\/\/loadless.be\/wp-content\/uploads\/2025\/08\/DSC_0024-1-1536x1020.jpg 1536w, https:\/\/loadless.be\/wp-content\/uploads\/2025\/08\/DSC_0024-1-2048x1360.jpg 2048w\" sizes=\"auto, (max-width: 2560px) 100vw, 2560px\" \/><\/figure>\n\n\n\n<h3 class=\"wp-block-heading\">Mushroom Garden<\/h3>\n\n\n\n<p class=\"has-medium-font-size\">I wouldn&#8217;t recommend picking the mushrooms from a faery circle. You may make someone mad&#8230;<\/p>\n\n\n\n<p class=\"has-text-align-right\">Je ne recommande pas de ramasser les champignons d&#8217;un cercle de Faes. Vous pourriez f\u00e2cher quelqu&#8217;un.e&#8230;<\/p>\n<\/div>\n\n\n\n<div class=\"wp-block-column is-layout-flow wp-block-column-is-layout-flow\">\n<figure class=\"wp-block-image size-full\" style=\"margin-bottom:24px\"><img loading=\"lazy\" decoding=\"async\" width=\"1535\" height=\"1101\" src=\"https:\/\/loadless.be\/wp-content\/uploads\/2025\/08\/shroomates.jpg\" alt=\"\" class=\"wp-image-217\" style=\"aspect-ratio:4\/3;object-fit:cover\" srcset=\"https:\/\/loadless.be\/wp-content\/uploads\/2025\/08\/shroomates.jpg 1535w, https:\/\/loadless.be\/wp-content\/uploads\/2025\/08\/shroomates-300x215.jpg 300w, https:\/\/loadless.be\/wp-content\/uploads\/2025\/08\/shroomates-1024x734.jpg 1024w, https:\/\/loadless.be\/wp-content\/uploads\/2025\/08\/shroomates-768x551.jpg 768w\" sizes=\"auto, (max-width: 1535px) 100vw, 1535px\" \/><\/figure>\n\n\n\n<h3 class=\"wp-block-heading\">Haunted Garden<\/h3>\n\n\n\n<p class=\"has-medium-font-size\">Look at them!? How could you steal their hard work!?<\/p>\n\n\n\n<p class=\"has-text-align-right\">Regardez-moi \u00e7a! Comment pourriez-vous lui voler le fruit de son labeur!?<\/p>\n<\/div>\n<\/div>\n\n\n\n<p class=\"has-small-font-size\">All these illustrations were sketched out with color pencils. One stay in sketch form with ink outline and quick water color highlights. The others were transferred on a water color paper, painted and touched up with color pencils.<\/p>\n<\/div>\n\n\n\n<p><\/p>\n","protected":false},"excerpt":{"rendered":"<p>Spring Garden week is a week long Challenge with prompts to make springy illustrations of various gardens. Taking on a &#8220;day job&#8221; means less time for your art and challenges are a great way to stay in touch with your craft in between projects. Flower Garden illustration For those who may not have access to [&hellip;]<\/p>\n","protected":false},"author":1,"featured_media":0,"parent":0,"menu_order":0,"comment_status":"closed","ping_status":"closed","template":"","meta":{"footnotes":""},"class_list":["post-212","page","type-page","status-publish","hentry"],"yoast_head":"<!-- This site is optimized with the Yoast SEO plugin v27.5 - https:\/\/yoast.com\/product\/yoast-seo-wordpress\/ -->\n<title>Spring Garden week - loadless<\/title>\n<meta name=\"robots\" content=\"index, follow, max-snippet:-1, max-image-preview:large, max-video-preview:-1\" \/>\n<link rel=\"canonical\" href=\"https:\/\/loadless.be\/index.php\/spring-garden-week\/\" \/>\n<meta property=\"og:locale\" content=\"en_US\" \/>\n<meta property=\"og:type\" content=\"article\" \/>\n<meta property=\"og:title\" content=\"Spring Garden week - loadless\" \/>\n<meta property=\"og:description\" content=\"Spring Garden week is a week long Challenge with prompts to make springy illustrations of various gardens. Taking on a &#8220;day job&#8221; means less time for your art and challenges are a great way to stay in touch with your craft in between projects. Flower Garden illustration For those who may not have access to [&hellip;]\" \/>\n<meta property=\"og:url\" content=\"https:\/\/loadless.be\/index.php\/spring-garden-week\/\" \/>\n<meta property=\"og:site_name\" content=\"loadless\" \/>\n<meta property=\"article:modified_time\" content=\"2025-08-08T13:03:23+00:00\" \/>\n<meta property=\"og:image\" content=\"https:\/\/loadless.be\/wp-content\/uploads\/2025\/08\/DSC_0032-scaled.jpg\" \/>\n\t<meta property=\"og:image:width\" content=\"2560\" \/>\n\t<meta property=\"og:image:height\" content=\"1700\" \/>\n\t<meta property=\"og:image:type\" content=\"image\/jpeg\" \/>\n<meta name=\"twitter:card\" content=\"summary_large_image\" \/>\n<meta name=\"twitter:label1\" content=\"Est. reading time\" \/>\n\t<meta name=\"twitter:data1\" content=\"3 minutes\" \/>\n<script type=\"application\/ld+json\" class=\"yoast-schema-graph\">{\"@context\":\"https:\\\/\\\/schema.org\",\"@graph\":[{\"@type\":\"WebPage\",\"@id\":\"https:\\\/\\\/loadless.be\\\/index.php\\\/spring-garden-week\\\/\",\"url\":\"https:\\\/\\\/loadless.be\\\/index.php\\\/spring-garden-week\\\/\",\"name\":\"Spring Garden week - loadless\",\"isPartOf\":{\"@id\":\"https:\\\/\\\/loadless.be\\\/#website\"},\"primaryImageOfPage\":{\"@id\":\"https:\\\/\\\/loadless.be\\\/index.php\\\/spring-garden-week\\\/#primaryimage\"},\"image\":{\"@id\":\"https:\\\/\\\/loadless.be\\\/index.php\\\/spring-garden-week\\\/#primaryimage\"},\"thumbnailUrl\":\"https:\\\/\\\/loadless.be\\\/wp-content\\\/uploads\\\/2025\\\/08\\\/DSC_0032-scaled.jpg\",\"datePublished\":\"2025-08-08T13:03:22+00:00\",\"dateModified\":\"2025-08-08T13:03:23+00:00\",\"breadcrumb\":{\"@id\":\"https:\\\/\\\/loadless.be\\\/index.php\\\/spring-garden-week\\\/#breadcrumb\"},\"inLanguage\":\"en-US\",\"potentialAction\":[{\"@type\":\"ReadAction\",\"target\":[\"https:\\\/\\\/loadless.be\\\/index.php\\\/spring-garden-week\\\/\"]}]},{\"@type\":\"ImageObject\",\"inLanguage\":\"en-US\",\"@id\":\"https:\\\/\\\/loadless.be\\\/index.php\\\/spring-garden-week\\\/#primaryimage\",\"url\":\"https:\\\/\\\/loadless.be\\\/wp-content\\\/uploads\\\/2025\\\/08\\\/DSC_0032-scaled.jpg\",\"contentUrl\":\"https:\\\/\\\/loadless.be\\\/wp-content\\\/uploads\\\/2025\\\/08\\\/DSC_0032-scaled.jpg\",\"width\":2560,\"height\":1700},{\"@type\":\"BreadcrumbList\",\"@id\":\"https:\\\/\\\/loadless.be\\\/index.php\\\/spring-garden-week\\\/#breadcrumb\",\"itemListElement\":[{\"@type\":\"ListItem\",\"position\":1,\"name\":\"Home\",\"item\":\"https:\\\/\\\/loadless.be\\\/\"},{\"@type\":\"ListItem\",\"position\":2,\"name\":\"Spring Garden week\"}]},{\"@type\":\"WebSite\",\"@id\":\"https:\\\/\\\/loadless.be\\\/#website\",\"url\":\"https:\\\/\\\/loadless.be\\\/\",\"name\":\"loadless\",\"description\":\"Illustration and cozy graphic design\",\"potentialAction\":[{\"@type\":\"SearchAction\",\"target\":{\"@type\":\"EntryPoint\",\"urlTemplate\":\"https:\\\/\\\/loadless.be\\\/?s={search_term_string}\"},\"query-input\":{\"@type\":\"PropertyValueSpecification\",\"valueRequired\":true,\"valueName\":\"search_term_string\"}}],\"inLanguage\":\"en-US\"}]}<\/script>\n<!-- \/ Yoast SEO plugin. -->","yoast_head_json":{"title":"Spring Garden week - loadless","robots":{"index":"index","follow":"follow","max-snippet":"max-snippet:-1","max-image-preview":"max-image-preview:large","max-video-preview":"max-video-preview:-1"},"canonical":"https:\/\/loadless.be\/index.php\/spring-garden-week\/","og_locale":"en_US","og_type":"article","og_title":"Spring Garden week - loadless","og_description":"Spring Garden week is a week long Challenge with prompts to make springy illustrations of various gardens. Taking on a &#8220;day job&#8221; means less time for your art and challenges are a great way to stay in touch with your craft in between projects. Flower Garden illustration For those who may not have access to [&hellip;]","og_url":"https:\/\/loadless.be\/index.php\/spring-garden-week\/","og_site_name":"loadless","article_modified_time":"2025-08-08T13:03:23+00:00","og_image":[{"width":2560,"height":1700,"url":"https:\/\/loadless.be\/wp-content\/uploads\/2025\/08\/DSC_0032-scaled.jpg","type":"image\/jpeg"}],"twitter_card":"summary_large_image","twitter_misc":{"Est. reading time":"3 minutes"},"schema":{"@context":"https:\/\/schema.org","@graph":[{"@type":"WebPage","@id":"https:\/\/loadless.be\/index.php\/spring-garden-week\/","url":"https:\/\/loadless.be\/index.php\/spring-garden-week\/","name":"Spring Garden week - loadless","isPartOf":{"@id":"https:\/\/loadless.be\/#website"},"primaryImageOfPage":{"@id":"https:\/\/loadless.be\/index.php\/spring-garden-week\/#primaryimage"},"image":{"@id":"https:\/\/loadless.be\/index.php\/spring-garden-week\/#primaryimage"},"thumbnailUrl":"https:\/\/loadless.be\/wp-content\/uploads\/2025\/08\/DSC_0032-scaled.jpg","datePublished":"2025-08-08T13:03:22+00:00","dateModified":"2025-08-08T13:03:23+00:00","breadcrumb":{"@id":"https:\/\/loadless.be\/index.php\/spring-garden-week\/#breadcrumb"},"inLanguage":"en-US","potentialAction":[{"@type":"ReadAction","target":["https:\/\/loadless.be\/index.php\/spring-garden-week\/"]}]},{"@type":"ImageObject","inLanguage":"en-US","@id":"https:\/\/loadless.be\/index.php\/spring-garden-week\/#primaryimage","url":"https:\/\/loadless.be\/wp-content\/uploads\/2025\/08\/DSC_0032-scaled.jpg","contentUrl":"https:\/\/loadless.be\/wp-content\/uploads\/2025\/08\/DSC_0032-scaled.jpg","width":2560,"height":1700},{"@type":"BreadcrumbList","@id":"https:\/\/loadless.be\/index.php\/spring-garden-week\/#breadcrumb","itemListElement":[{"@type":"ListItem","position":1,"name":"Home","item":"https:\/\/loadless.be\/"},{"@type":"ListItem","position":2,"name":"Spring Garden week"}]},{"@type":"WebSite","@id":"https:\/\/loadless.be\/#website","url":"https:\/\/loadless.be\/","name":"loadless","description":"Illustration and cozy graphic design","potentialAction":[{"@type":"SearchAction","target":{"@type":"EntryPoint","urlTemplate":"https:\/\/loadless.be\/?s={search_term_string}"},"query-input":{"@type":"PropertyValueSpecification","valueRequired":true,"valueName":"search_term_string"}}],"inLanguage":"en-US"}]}},"_links":{"self":[{"href":"https:\/\/loadless.be\/index.php\/wp-json\/wp\/v2\/pages\/212","targetHints":{"allow":["GET"]}}],"collection":[{"href":"https:\/\/loadless.be\/index.php\/wp-json\/wp\/v2\/pages"}],"about":[{"href":"https:\/\/loadless.be\/index.php\/wp-json\/wp\/v2\/types\/page"}],"author":[{"embeddable":true,"href":"https:\/\/loadless.be\/index.php\/wp-json\/wp\/v2\/users\/1"}],"replies":[{"embeddable":true,"href":"https:\/\/loadless.be\/index.php\/wp-json\/wp\/v2\/comments?post=212"}],"version-history":[{"count":1,"href":"https:\/\/loadless.be\/index.php\/wp-json\/wp\/v2\/pages\/212\/revisions"}],"predecessor-version":[{"id":223,"href":"https:\/\/loadless.be\/index.php\/wp-json\/wp\/v2\/pages\/212\/revisions\/223"}],"wp:attachment":[{"href":"https:\/\/loadless.be\/index.php\/wp-json\/wp\/v2\/media?parent=212"}],"curies":[{"name":"wp","href":"https:\/\/api.w.org\/{rel}","templated":true}]}}