{"id":29,"date":"2024-11-13T18:31:40","date_gmt":"2024-11-13T17:31:40","guid":{"rendered":"https:\/\/loadless.be\/?page_id=29"},"modified":"2026-01-26T01:40:46","modified_gmt":"2026-01-26T00:40:46","slug":"about-me","status":"publish","type":"page","link":"https:\/\/loadless.be\/index.php\/about-me\/","title":{"rendered":"About Me"},"content":{"rendered":"\n<p class=\"has-small-font-size\">(French Below)<\/p>\n\n\n\n<div class=\"wp-block-group alignfull is-style-default is-layout-flow wp-block-group-is-layout-flow\" style=\"min-height:100vh;margin-top:0;margin-bottom:0;padding-top:var(--wp--preset--spacing--50);padding-right:var(--wp--preset--spacing--50);padding-bottom:var(--wp--preset--spacing--50);padding-left:var(--wp--preset--spacing--50)\">\n<div class=\"wp-block-columns alignfull is-layout-flex wp-container-core-columns-is-layout-47c06fe3 wp-block-columns-is-layout-flex\">\n<div class=\"wp-block-column is-layout-flow wp-block-column-is-layout-flow\">\n<div class=\"wp-block-group is-vertical is-content-justification-stretch is-nowrap is-layout-flex wp-container-core-group-is-layout-9a2e2d63 wp-block-group-is-layout-flex\" style=\"min-height:100%\">\n<p class=\"has-text-align-left has-large-font-size\" style=\"line-height:1.2\">Behind the name &#8220;l0adless&#8221; is a Belgo-Polish artist. Curious, creative and stubborn, she naturally went down the artistic path. <a href=\"https:\/\/loadless.be\/index.php\/illustration\/\" target=\"_blank\" rel=\"noreferrer noopener\">Illustration<\/a>, printing, photography, literature or graphic design, with narration all round.<\/p>\n\n\n\n<blockquote class=\"wp-block-quote is-layout-flow wp-block-quote-is-layout-flow\">\n<p class=\"has-small-font-size\"><em>It&#8217;s just a poetic way to say that too many things peak my interest and that I have trouble stopping myself from writing &amp; telling stories all the time&#8230; Also did you noticed how I present stubbornness as a quality?<\/em><\/p>\n<\/blockquote>\n\n\n\n<p>Her wanderings brought her to a great array of activities: Seamstress and set maker, light on set for shorts, photograph, illustrator, graphic designer, game designer&#8230; <\/p>\n\n\n\n<blockquote class=\"wp-block-quote is-layout-flow wp-block-quote-is-layout-flow\">\n<p class=\"has-small-font-size\"><em>Because YES I can sew, paint, edit, ride a bike and climb up trees&#8230; I can also bake a cake with my eyes closed and very efficiently forget the notion of &#8220;Time&#8221; when discovering a new video game.<\/em><\/p>\n<\/blockquote>\n\n\n\n<p>She also became the narrator of her own life to write this micro-biography on the third person because &#8220;That&#8217;s how you&#8217;re supposed to do it!&#8221;.<\/p>\n\n\n\n<blockquote class=\"wp-block-quote is-layout-flow wp-block-quote-is-layout-flow\">\n<p class=\"has-small-font-size\"><em>I did try to stop myself from annotating this, but I sometime lack restrain as you can see&#8230; <\/em><\/p>\n<\/blockquote>\n\n\n\n<p class=\"has-text-align-left has-large-font-size\" style=\"line-height:1.2\">Alright, now that the presentations are made, I hope you&#8217;ll like my work, feel free to drop me an E-mail so we can work together! <\/p>\n\n\n\n<div class=\"wp-block-group is-nowrap is-layout-flex wp-container-core-group-is-layout-f1189ed3 wp-block-group-is-layout-flex\">\n<p><a href=\"https:\/\/bsky.app\/profile\/l0adless.bsky.social\" target=\"_blank\" rel=\"noreferrer noopener\">BlueSky<\/a><\/p>\n<\/div>\n<\/div>\n<\/div>\n\n\n\n<div class=\"wp-block-column is-layout-flow wp-block-column-is-layout-flow\">\n<figure class=\"wp-block-image size-large\"><img loading=\"lazy\" decoding=\"async\" width=\"1024\" height=\"1024\" src=\"https:\/\/loadless.be\/wp-content\/uploads\/2025\/01\/LazyPoS-1-1024x1024.jpg\" alt=\"\" class=\"wp-image-146\" srcset=\"https:\/\/loadless.be\/wp-content\/uploads\/2025\/01\/LazyPoS-1-1024x1024.jpg 1024w, https:\/\/loadless.be\/wp-content\/uploads\/2025\/01\/LazyPoS-1-300x300.jpg 300w, https:\/\/loadless.be\/wp-content\/uploads\/2025\/01\/LazyPoS-1-150x150.jpg 150w, https:\/\/loadless.be\/wp-content\/uploads\/2025\/01\/LazyPoS-1-768x768.jpg 768w, https:\/\/loadless.be\/wp-content\/uploads\/2025\/01\/LazyPoS-1-1536x1536.jpg 1536w, https:\/\/loadless.be\/wp-content\/uploads\/2025\/01\/LazyPoS-1.jpg 2048w\" sizes=\"auto, (max-width: 1024px) 100vw, 1024px\" \/><\/figure>\n<\/div>\n<\/div>\n<\/div>\n\n\n\n<div class=\"wp-block-group alignfull is-style-section-5 is-layout-flow wp-block-group-is-layout-flow is-style-section-5--1\" style=\"min-height:100vh;margin-top:0;margin-bottom:0;padding-top:var(--wp--preset--spacing--50);padding-right:var(--wp--preset--spacing--50);padding-bottom:var(--wp--preset--spacing--50);padding-left:var(--wp--preset--spacing--50)\">\n<div class=\"wp-block-columns alignfull is-layout-flex wp-container-core-columns-is-layout-47c06fe3 wp-block-columns-is-layout-flex\">\n<div class=\"wp-block-column is-layout-flow wp-block-column-is-layout-flow\">\n<div class=\"wp-block-cover\" style=\"min-height:1272px;aspect-ratio:unset;\"><img loading=\"lazy\" decoding=\"async\" width=\"1280\" height=\"1420\" class=\"wp-block-cover__image-background wp-image-31\" alt=\"\" src=\"https:\/\/loadless.be\/wp-content\/uploads\/2024\/11\/tumblr_mz9eikdVaC1sfm05mo7_1280.jpg\" data-object-fit=\"cover\" srcset=\"https:\/\/loadless.be\/wp-content\/uploads\/2024\/11\/tumblr_mz9eikdVaC1sfm05mo7_1280.jpg 1280w, https:\/\/loadless.be\/wp-content\/uploads\/2024\/11\/tumblr_mz9eikdVaC1sfm05mo7_1280-270x300.jpg 270w, https:\/\/loadless.be\/wp-content\/uploads\/2024\/11\/tumblr_mz9eikdVaC1sfm05mo7_1280-923x1024.jpg 923w, https:\/\/loadless.be\/wp-content\/uploads\/2024\/11\/tumblr_mz9eikdVaC1sfm05mo7_1280-768x852.jpg 768w\" sizes=\"auto, (max-width: 1280px) 100vw, 1280px\" \/><span aria-hidden=\"true\" class=\"wp-block-cover__background has-background-dim-0 has-background-dim\" style=\"background-color:#818181\"><\/span><div class=\"wp-block-cover__inner-container is-layout-flow wp-block-cover-is-layout-flow\">\n<div style=\"height:var(--wp--preset--spacing--20)\" aria-hidden=\"true\" class=\"wp-block-spacer\"><\/div>\n<\/div><\/div>\n<\/div>\n\n\n\n<div class=\"wp-block-column is-layout-flow wp-block-column-is-layout-flow\">\n<div class=\"wp-block-group is-vertical is-content-justification-stretch is-nowrap is-layout-flex wp-container-core-group-is-layout-9a2e2d63 wp-block-group-is-layout-flex\" style=\"min-height:100%\">\n<p class=\"has-text-align-left has-large-font-size\" style=\"line-height:1.2\">Derri\u00e8re le pseudonyme L0adless, il\u00a0 y a une artiste belgo-polonaise. Curieuse, cr\u00e9ative et obstin\u00e9e, c&#8217;est tout naturellement vers une formation artistique qu&#8217;elle s&#8217;est tourn\u00e9e : de la gravure \u00e0 la <a href=\"https:\/\/loadless.be\/index.php\/photography\/\" target=\"_blank\" rel=\"noreferrer noopener\">photographie<\/a> en passant par la litt\u00e9rature et le graphisme avec en fil rouge la narration.<\/p>\n\n\n\n<blockquote class=\"wp-block-quote is-layout-flow wp-block-quote-is-layout-flow\">\n<p class=\"has-small-font-size\"><em>C&#8217;est juste une fa\u00e7on po\u00e9tique de dire que trop de choses m&#8217;int\u00e9ressent et que j&#8217;ai du mal \u00e0 m&#8217;emp\u00eacher d\u2019\u00e9crire, raconter et imaginer des histoires \u00e0 toute heure du jour et de la nuit&#8230; et avez-vous remarqu\u00e9 l\u2019habilit\u00e9 avec laquelle je pr\u00e9sente mon obstination comme une qualit\u00e9 ?<\/em><\/p>\n<\/blockquote>\n\n\n\n<p>Ses p\u00e9r\u00e9grinations l&#8217;ont amen\u00e9e \u00e0 une grande diversit\u00e9 d\u2019activit\u00e9s : couturi\u00e8re et d\u00e9coratrice de th\u00e9\u00e2tre, pr\u00e9pos\u00e9e \u00e0 la lumi\u00e8re sur des tournages de courts- m\u00e9trages, photographe de diff\u00e9rents \u00e9v\u00e9nements culturels, graphiste , illustratrice , ou encore conceptrice de jeux vid\u00e9os.<\/p>\n\n\n\n<blockquote class=\"wp-block-quote is-layout-flow wp-block-quote-is-layout-flow\">\n<p class=\"has-small-font-size\"><em>Car oui, je sais coudre, peindre, cadrer et faire des sacs en macram\u00e9&#8230; Je sais aussi faire un g\u00e2teau les yeux ferm\u00e9s et oublier tr\u00e8s efficacement la notion du temps quand je d\u00e9couvre un nouveau jeu-vid\u00e9o.<\/em><\/p>\n<\/blockquote>\n\n\n\n<p>Elle s&#8217;est aussi retrouv\u00e9e dans le r\u00f4le de narratrice de sa propre vie pour vous \u00e9crire cette micro-biographie \u00e0 la troisi\u00e8me personne car \u00ab \u00e7a se fait comme \u00e7a \u00bb para\u00eet-il.<\/p>\n\n\n\n<blockquote class=\"wp-block-quote is-layout-flow wp-block-quote-is-layout-flow\">\n<p class=\"has-small-font-size\"><em>J&#8217;ai essay\u00e9 de me retenir de faire des annotations au texte, mais je manque parfois de retenue comme vous avez pu le constater&#8230;<\/em><\/p>\n<\/blockquote>\n\n\n\n<p class=\"has-text-align-left has-large-font-size\" style=\"line-height:1.2\">Maintenant que les pr\u00e9sentations coutumi\u00e8res sont faites, j&#8217;esp\u00e8re que mon site vous inspirera, n&#8217;h\u00e9sitez pas \u00e0 me contacter pour partager de merveilleux projets ou tout simplement si vous avez des questions.<\/p>\n\n\n\n<div class=\"wp-block-group is-nowrap is-layout-flex wp-container-core-group-is-layout-f1189ed3 wp-block-group-is-layout-flex\">\n<p><a href=\"https:\/\/bsky.app\/profile\/l0adless.bsky.social\" target=\"_blank\" rel=\"noreferrer noopener\">BlueSky<\/a><\/p>\n<\/div>\n<\/div>\n<\/div>\n<\/div>\n<\/div>\n\n\n\n<p><\/p>\n","protected":false},"excerpt":{"rendered":"<p>(French Below) Behind the name &#8220;l0adless&#8221; is a Belgo-Polish artist. Curious, creative and stubborn, she naturally went down the artistic path. Illustration, printing, photography, literature or graphic design, with narration all round. It&#8217;s just a poetic way to say that too many things peak my interest and that I have trouble stopping myself from writing [&hellip;]<\/p>\n","protected":false},"author":1,"featured_media":0,"parent":0,"menu_order":0,"comment_status":"closed","ping_status":"closed","template":"","meta":{"footnotes":""},"class_list":["post-29","page","type-page","status-publish","hentry"],"yoast_head":"<!-- This site is optimized with the Yoast SEO plugin v26.9 - https:\/\/yoast.com\/product\/yoast-seo-wordpress\/ -->\n<title>About Me - loadless<\/title>\n<meta name=\"robots\" content=\"index, follow, max-snippet:-1, max-image-preview:large, max-video-preview:-1\" \/>\n<link rel=\"canonical\" href=\"https:\/\/loadless.be\/index.php\/about-me\/\" \/>\n<meta property=\"og:locale\" content=\"en_US\" \/>\n<meta property=\"og:type\" content=\"article\" \/>\n<meta property=\"og:title\" content=\"About Me - loadless\" \/>\n<meta property=\"og:description\" content=\"(French Below) Behind the name &#8220;l0adless&#8221; is a Belgo-Polish artist. Curious, creative and stubborn, she naturally went down the artistic path. Illustration, printing, photography, literature or graphic design, with narration all round. It&#8217;s just a poetic way to say that too many things peak my interest and that I have trouble stopping myself from writing [&hellip;]\" \/>\n<meta property=\"og:url\" content=\"https:\/\/loadless.be\/index.php\/about-me\/\" \/>\n<meta property=\"og:site_name\" content=\"loadless\" \/>\n<meta property=\"article:modified_time\" content=\"2026-01-26T00:40:46+00:00\" \/>\n<meta property=\"og:image\" content=\"https:\/\/loadless.be\/wp-content\/uploads\/2025\/01\/LazyPoS-1.jpg\" \/>\n\t<meta property=\"og:image:width\" content=\"2048\" \/>\n\t<meta property=\"og:image:height\" content=\"2048\" \/>\n\t<meta property=\"og:image:type\" content=\"image\/jpeg\" \/>\n<meta name=\"twitter:card\" content=\"summary_large_image\" \/>\n<meta name=\"twitter:label1\" content=\"Est. reading time\" \/>\n\t<meta name=\"twitter:data1\" content=\"2 minutes\" \/>\n<script type=\"application\/ld+json\" class=\"yoast-schema-graph\">{\"@context\":\"https:\/\/schema.org\",\"@graph\":[{\"@type\":\"WebPage\",\"@id\":\"https:\/\/loadless.be\/index.php\/about-me\/\",\"url\":\"https:\/\/loadless.be\/index.php\/about-me\/\",\"name\":\"About Me - loadless\",\"isPartOf\":{\"@id\":\"https:\/\/loadless.be\/#website\"},\"primaryImageOfPage\":{\"@id\":\"https:\/\/loadless.be\/index.php\/about-me\/#primaryimage\"},\"image\":{\"@id\":\"https:\/\/loadless.be\/index.php\/about-me\/#primaryimage\"},\"thumbnailUrl\":\"https:\/\/loadless.be\/wp-content\/uploads\/2025\/01\/LazyPoS-1-1024x1024.jpg\",\"datePublished\":\"2024-11-13T17:31:40+00:00\",\"dateModified\":\"2026-01-26T00:40:46+00:00\",\"breadcrumb\":{\"@id\":\"https:\/\/loadless.be\/index.php\/about-me\/#breadcrumb\"},\"inLanguage\":\"en-US\",\"potentialAction\":[{\"@type\":\"ReadAction\",\"target\":[\"https:\/\/loadless.be\/index.php\/about-me\/\"]}]},{\"@type\":\"ImageObject\",\"inLanguage\":\"en-US\",\"@id\":\"https:\/\/loadless.be\/index.php\/about-me\/#primaryimage\",\"url\":\"https:\/\/loadless.be\/wp-content\/uploads\/2025\/01\/LazyPoS-1.jpg\",\"contentUrl\":\"https:\/\/loadless.be\/wp-content\/uploads\/2025\/01\/LazyPoS-1.jpg\",\"width\":2048,\"height\":2048},{\"@type\":\"BreadcrumbList\",\"@id\":\"https:\/\/loadless.be\/index.php\/about-me\/#breadcrumb\",\"itemListElement\":[{\"@type\":\"ListItem\",\"position\":1,\"name\":\"Home\",\"item\":\"https:\/\/loadless.be\/\"},{\"@type\":\"ListItem\",\"position\":2,\"name\":\"About Me\"}]},{\"@type\":\"WebSite\",\"@id\":\"https:\/\/loadless.be\/#website\",\"url\":\"https:\/\/loadless.be\/\",\"name\":\"loadless\",\"description\":\"Illustration and cozy graphic design\",\"potentialAction\":[{\"@type\":\"SearchAction\",\"target\":{\"@type\":\"EntryPoint\",\"urlTemplate\":\"https:\/\/loadless.be\/?s={search_term_string}\"},\"query-input\":{\"@type\":\"PropertyValueSpecification\",\"valueRequired\":true,\"valueName\":\"search_term_string\"}}],\"inLanguage\":\"en-US\"}]}<\/script>\n<!-- \/ Yoast SEO plugin. -->","yoast_head_json":{"title":"About Me - loadless","robots":{"index":"index","follow":"follow","max-snippet":"max-snippet:-1","max-image-preview":"max-image-preview:large","max-video-preview":"max-video-preview:-1"},"canonical":"https:\/\/loadless.be\/index.php\/about-me\/","og_locale":"en_US","og_type":"article","og_title":"About Me - loadless","og_description":"(French Below) Behind the name &#8220;l0adless&#8221; is a Belgo-Polish artist. Curious, creative and stubborn, she naturally went down the artistic path. Illustration, printing, photography, literature or graphic design, with narration all round. It&#8217;s just a poetic way to say that too many things peak my interest and that I have trouble stopping myself from writing [&hellip;]","og_url":"https:\/\/loadless.be\/index.php\/about-me\/","og_site_name":"loadless","article_modified_time":"2026-01-26T00:40:46+00:00","og_image":[{"width":2048,"height":2048,"url":"https:\/\/loadless.be\/wp-content\/uploads\/2025\/01\/LazyPoS-1.jpg","type":"image\/jpeg"}],"twitter_card":"summary_large_image","twitter_misc":{"Est. reading time":"2 minutes"},"schema":{"@context":"https:\/\/schema.org","@graph":[{"@type":"WebPage","@id":"https:\/\/loadless.be\/index.php\/about-me\/","url":"https:\/\/loadless.be\/index.php\/about-me\/","name":"About Me - loadless","isPartOf":{"@id":"https:\/\/loadless.be\/#website"},"primaryImageOfPage":{"@id":"https:\/\/loadless.be\/index.php\/about-me\/#primaryimage"},"image":{"@id":"https:\/\/loadless.be\/index.php\/about-me\/#primaryimage"},"thumbnailUrl":"https:\/\/loadless.be\/wp-content\/uploads\/2025\/01\/LazyPoS-1-1024x1024.jpg","datePublished":"2024-11-13T17:31:40+00:00","dateModified":"2026-01-26T00:40:46+00:00","breadcrumb":{"@id":"https:\/\/loadless.be\/index.php\/about-me\/#breadcrumb"},"inLanguage":"en-US","potentialAction":[{"@type":"ReadAction","target":["https:\/\/loadless.be\/index.php\/about-me\/"]}]},{"@type":"ImageObject","inLanguage":"en-US","@id":"https:\/\/loadless.be\/index.php\/about-me\/#primaryimage","url":"https:\/\/loadless.be\/wp-content\/uploads\/2025\/01\/LazyPoS-1.jpg","contentUrl":"https:\/\/loadless.be\/wp-content\/uploads\/2025\/01\/LazyPoS-1.jpg","width":2048,"height":2048},{"@type":"BreadcrumbList","@id":"https:\/\/loadless.be\/index.php\/about-me\/#breadcrumb","itemListElement":[{"@type":"ListItem","position":1,"name":"Home","item":"https:\/\/loadless.be\/"},{"@type":"ListItem","position":2,"name":"About Me"}]},{"@type":"WebSite","@id":"https:\/\/loadless.be\/#website","url":"https:\/\/loadless.be\/","name":"loadless","description":"Illustration and cozy graphic design","potentialAction":[{"@type":"SearchAction","target":{"@type":"EntryPoint","urlTemplate":"https:\/\/loadless.be\/?s={search_term_string}"},"query-input":{"@type":"PropertyValueSpecification","valueRequired":true,"valueName":"search_term_string"}}],"inLanguage":"en-US"}]}},"_links":{"self":[{"href":"https:\/\/loadless.be\/index.php\/wp-json\/wp\/v2\/pages\/29","targetHints":{"allow":["GET"]}}],"collection":[{"href":"https:\/\/loadless.be\/index.php\/wp-json\/wp\/v2\/pages"}],"about":[{"href":"https:\/\/loadless.be\/index.php\/wp-json\/wp\/v2\/types\/page"}],"author":[{"embeddable":true,"href":"https:\/\/loadless.be\/index.php\/wp-json\/wp\/v2\/users\/1"}],"replies":[{"embeddable":true,"href":"https:\/\/loadless.be\/index.php\/wp-json\/wp\/v2\/comments?post=29"}],"version-history":[{"count":9,"href":"https:\/\/loadless.be\/index.php\/wp-json\/wp\/v2\/pages\/29\/revisions"}],"predecessor-version":[{"id":420,"href":"https:\/\/loadless.be\/index.php\/wp-json\/wp\/v2\/pages\/29\/revisions\/420"}],"wp:attachment":[{"href":"https:\/\/loadless.be\/index.php\/wp-json\/wp\/v2\/media?parent=29"}],"curies":[{"name":"wp","href":"https:\/\/api.w.org\/{rel}","templated":true}]}}