{"id":333,"date":"2025-10-17T17:29:42","date_gmt":"2025-10-17T16:29:42","guid":{"rendered":"https:\/\/loadless.be\/?page_id=333"},"modified":"2026-02-13T18:09:45","modified_gmt":"2026-02-13T17:09:45","slug":"shows","status":"publish","type":"page","link":"https:\/\/loadless.be\/index.php\/shows\/","title":{"rendered":"Shows"},"content":{"rendered":"\n<div class=\"wp-block-group alignfull has-global-padding is-layout-constrained wp-container-core-group-is-layout-ebee8dc1 wp-block-group-is-layout-constrained\" style=\"margin-top:0;margin-bottom:0;padding-top:var(--wp--preset--spacing--50);padding-bottom:var(--wp--preset--spacing--50)\">\n<h2 class=\"wp-block-heading alignwide\">Exhibitions &#8211; Expositions<\/h2>\n\n\n\n<h6 class=\"wp-block-heading\">Belgique: (FR only)<\/h6>\n\n\n\n<div class=\"wp-block-columns alignwide is-layout-flex wp-container-core-columns-is-layout-28f84493 wp-block-columns-is-layout-flex\">\n<div class=\"wp-block-column is-layout-flow wp-block-column-is-layout-flow\">\n<figure class=\"wp-block-image size-full is-resized\" style=\"margin-bottom:24px\"><img loading=\"lazy\" decoding=\"async\" width=\"2560\" height=\"2207\" src=\"https:\/\/loadless.be\/wp-content\/uploads\/2025\/10\/DSC_0152-scaled.jpg\" alt=\"\" class=\"wp-image-343\" style=\"aspect-ratio:1.3333333333333333;object-fit:cover;width:501px;height:auto\" srcset=\"https:\/\/loadless.be\/wp-content\/uploads\/2025\/10\/DSC_0152-scaled.jpg 2560w, https:\/\/loadless.be\/wp-content\/uploads\/2025\/10\/DSC_0152-300x259.jpg 300w, https:\/\/loadless.be\/wp-content\/uploads\/2025\/10\/DSC_0152-1024x883.jpg 1024w, https:\/\/loadless.be\/wp-content\/uploads\/2025\/10\/DSC_0152-768x662.jpg 768w, https:\/\/loadless.be\/wp-content\/uploads\/2025\/10\/DSC_0152-1536x1324.jpg 1536w, https:\/\/loadless.be\/wp-content\/uploads\/2025\/10\/DSC_0152-2048x1765.jpg 2048w\" sizes=\"auto, (max-width: 2560px) 100vw, 2560px\" \/><\/figure>\n\n\n\n<h3 class=\"wp-block-heading\">Parcours d&#8217;artistes &#8220;Le tr\u00e8fle&#8221; \u00e0 Louvain-la-Neuve.<\/h3>\n\n\n\n<p class=\"has-medium-font-size\">Les week-ends des 26 &amp; 27 septembre et 03 &amp; 04 octobre je pr\u00e9senterais mes illustrations dans le cadre du parcours d&#8217;artiste de Louvain-la-Neuve. Plus d&#8217;information bient\u00f4t.<\/p>\n<\/div>\n<\/div>\n<\/div>\n\n\n\n<div class=\"wp-block-group alignfull has-global-padding is-layout-constrained wp-container-core-group-is-layout-ebee8dc1 wp-block-group-is-layout-constrained\" style=\"margin-top:0;margin-bottom:0;padding-top:var(--wp--preset--spacing--50);padding-bottom:var(--wp--preset--spacing--50)\">\n<h2 class=\"wp-block-heading alignwide\">Past exhibitions &#8211; expositions pass\u00e9es<\/h2>\n\n\n\n<div class=\"wp-block-group has-global-padding is-layout-constrained wp-block-group-is-layout-constrained\"><\/div>\n\n\n\n<div class=\"wp-block-columns alignwide is-layout-flex wp-container-core-columns-is-layout-28f84493 wp-block-columns-is-layout-flex\">\n<div class=\"wp-block-column is-layout-flow wp-block-column-is-layout-flow\">\n<figure class=\"wp-block-image size-full\" style=\"margin-bottom:24px\"><img loading=\"lazy\" decoding=\"async\" width=\"2560\" height=\"2149\" src=\"https:\/\/loadless.be\/wp-content\/uploads\/2025\/10\/DSC_0035-scaled.jpg\" alt=\"\" class=\"wp-image-345\" style=\"aspect-ratio:4\/3;object-fit:cover\" srcset=\"https:\/\/loadless.be\/wp-content\/uploads\/2025\/10\/DSC_0035-scaled.jpg 2560w, https:\/\/loadless.be\/wp-content\/uploads\/2025\/10\/DSC_0035-300x252.jpg 300w, https:\/\/loadless.be\/wp-content\/uploads\/2025\/10\/DSC_0035-1024x859.jpg 1024w, https:\/\/loadless.be\/wp-content\/uploads\/2025\/10\/DSC_0035-768x645.jpg 768w, https:\/\/loadless.be\/wp-content\/uploads\/2025\/10\/DSC_0035-1536x1289.jpg 1536w, https:\/\/loadless.be\/wp-content\/uploads\/2025\/10\/DSC_0035-2048x1719.jpg 2048w\" sizes=\"auto, (max-width: 2560px) 100vw, 2560px\" \/><\/figure>\n\n\n\n<h3 class=\"wp-block-heading\">Les coccinelles &#8211; LLN<\/h3>\n\n\n\n<p class=\"has-medium-font-size\">Du 23 Novembre au 23 d\u00e9cembre 2025, \u00e0 la maison des coccinelles \u00e0 Louvain-La-Neuve. Exposition collective d&#8217;illustrations toutes douces avec Xan Harotin et cHarlotte Meert.<\/p>\n<\/div>\n\n\n\n<div class=\"wp-block-column is-layout-flow wp-block-column-is-layout-flow\">\n<figure class=\"wp-block-image size-full\" style=\"margin-bottom:24px\"><img loading=\"lazy\" decoding=\"async\" width=\"2560\" height=\"2220\" src=\"https:\/\/loadless.be\/wp-content\/uploads\/2025\/10\/DSC_0024-1-scaled.jpg\" alt=\"\" class=\"wp-image-344\" style=\"aspect-ratio:4\/3;object-fit:cover\" srcset=\"https:\/\/loadless.be\/wp-content\/uploads\/2025\/10\/DSC_0024-1-scaled.jpg 2560w, https:\/\/loadless.be\/wp-content\/uploads\/2025\/10\/DSC_0024-1-300x260.jpg 300w, https:\/\/loadless.be\/wp-content\/uploads\/2025\/10\/DSC_0024-1-1024x888.jpg 1024w, https:\/\/loadless.be\/wp-content\/uploads\/2025\/10\/DSC_0024-1-768x666.jpg 768w, https:\/\/loadless.be\/wp-content\/uploads\/2025\/10\/DSC_0024-1-1536x1332.jpg 1536w, https:\/\/loadless.be\/wp-content\/uploads\/2025\/10\/DSC_0024-1-2048x1776.jpg 2048w\" sizes=\"auto, (max-width: 2560px) 100vw, 2560px\" \/><\/figure>\n\n\n\n<h3 class=\"wp-block-heading\">Le Monty &#8211; Genappe<\/h3>\n\n\n\n<p class=\"has-medium-font-size\">D\u00e9s le 7 Novembre, exposition collective &#8221; Onirique&#8221; au Monty \u00e0 Genappe. Je partagerais l&#8217;espace avec deux membre de mon collectif &#8220;la tr\u00e8flerie&#8221;, Rosa Najdovski et Mathilde Pirotte.<\/p>\n<\/div>\n<\/div>\n\n\n\n<div class=\"wp-block-columns alignwide is-layout-flex wp-container-core-columns-is-layout-28f84493 wp-block-columns-is-layout-flex\">\n<div class=\"wp-block-column is-layout-flow wp-block-column-is-layout-flow\">\n<figure class=\"wp-block-image size-full\" style=\"margin-bottom:24px\"><img loading=\"lazy\" decoding=\"async\" width=\"2560\" height=\"2216\" src=\"https:\/\/loadless.be\/wp-content\/uploads\/2025\/10\/DSC_0016-scaled.jpg\" alt=\"\" class=\"wp-image-339\" style=\"aspect-ratio:4\/3;object-fit:cover\" srcset=\"https:\/\/loadless.be\/wp-content\/uploads\/2025\/10\/DSC_0016-scaled.jpg 2560w, https:\/\/loadless.be\/wp-content\/uploads\/2025\/10\/DSC_0016-300x260.jpg 300w, https:\/\/loadless.be\/wp-content\/uploads\/2025\/10\/DSC_0016-1024x886.jpg 1024w, https:\/\/loadless.be\/wp-content\/uploads\/2025\/10\/DSC_0016-768x665.jpg 768w, https:\/\/loadless.be\/wp-content\/uploads\/2025\/10\/DSC_0016-1536x1330.jpg 1536w, https:\/\/loadless.be\/wp-content\/uploads\/2025\/10\/DSC_0016-2048x1773.jpg 2048w\" sizes=\"auto, (max-width: 2560px) 100vw, 2560px\" \/><\/figure>\n\n\n\n<h3 class=\"wp-block-heading\">Les Arts d&#8217;Orbais <\/h3>\n\n\n\n<p class=\"has-medium-font-size\">Les 04 et 05 Octobre 2025 J&#8217;ai pu proposer mon travail dans le cadre du parcours d&#8217;artistes de la commune d&#8217;Orbais. L&#8217;espace \u00e9tait partager avec deux autres artisan.e.s du fil et de la vanerie.<\/p>\n<\/div>\n\n\n\n<div class=\"wp-block-column is-layout-flow wp-block-column-is-layout-flow\">\n<figure class=\"wp-block-image size-full\" style=\"margin-bottom:24px\"><img loading=\"lazy\" decoding=\"async\" width=\"2560\" height=\"2454\" src=\"https:\/\/loadless.be\/wp-content\/uploads\/2025\/10\/helaba-scaled.jpg\" alt=\"\" class=\"wp-image-338\" style=\"aspect-ratio:4\/3;object-fit:cover\" srcset=\"https:\/\/loadless.be\/wp-content\/uploads\/2025\/10\/helaba-scaled.jpg 2560w, https:\/\/loadless.be\/wp-content\/uploads\/2025\/10\/helaba-300x288.jpg 300w, https:\/\/loadless.be\/wp-content\/uploads\/2025\/10\/helaba-1024x981.jpg 1024w, https:\/\/loadless.be\/wp-content\/uploads\/2025\/10\/helaba-768x736.jpg 768w, https:\/\/loadless.be\/wp-content\/uploads\/2025\/10\/helaba-1536x1472.jpg 1536w, https:\/\/loadless.be\/wp-content\/uploads\/2025\/10\/helaba-2048x1963.jpg 2048w\" sizes=\"auto, (max-width: 2560px) 100vw, 2560px\" \/><\/figure>\n\n\n\n<h3 class=\"wp-block-heading\">H\u00e9laba &#8211; Genappe <\/h3>\n\n\n\n<p class=\"has-medium-font-size\">du 07 d\u00e9cembre 2024 au 6 janvier 2025 j&#8217;ai expos\u00e9 une s\u00e9rie d&#8217;illustrations \u00e0 la librairie H\u00e9laba \u00e0 Genappe. Cette une librairie sp\u00e9cialis\u00e9e en livres d&#8217;illustration et un superbe \u00e9crin pour mon travail.<\/p>\n<\/div>\n\n\n\n<div class=\"wp-block-column is-layout-flow wp-block-column-is-layout-flow\">\n<figure class=\"wp-block-image size-full\" style=\"margin-bottom:24px\"><img loading=\"lazy\" decoding=\"async\" width=\"1961\" height=\"1184\" src=\"https:\/\/loadless.be\/wp-content\/uploads\/2026\/02\/DSC_0763.jpg\" alt=\"\" class=\"wp-image-496\" style=\"aspect-ratio:4\/3;object-fit:cover\" srcset=\"https:\/\/loadless.be\/wp-content\/uploads\/2026\/02\/DSC_0763.jpg 1961w, https:\/\/loadless.be\/wp-content\/uploads\/2026\/02\/DSC_0763-300x181.jpg 300w, https:\/\/loadless.be\/wp-content\/uploads\/2026\/02\/DSC_0763-1024x618.jpg 1024w, https:\/\/loadless.be\/wp-content\/uploads\/2026\/02\/DSC_0763-768x464.jpg 768w, https:\/\/loadless.be\/wp-content\/uploads\/2026\/02\/DSC_0763-1536x927.jpg 1536w\" sizes=\"auto, (max-width: 1961px) 100vw, 1961px\" \/><\/figure>\n\n\n\n<h3 class=\"wp-block-heading\">Le 75 &#8211; Bruxelles<\/h3>\n\n\n\n<p class=\"has-medium-font-size\">Du 10 au 12 octobre 2015, exposition des dipl\u00f4m\u00e9.e.s de l&#8217;ann\u00e9e acad\u00e9mique 2014\/2015. <br>J&#8217;y ai propos\u00e9 une s\u00e9rie de Monotypes sur l&#8217;onirisme.<\/p>\n<\/div>\n\n\n\n<div class=\"wp-block-column is-layout-flow wp-block-column-is-layout-flow\">\n<figure class=\"wp-block-image size-full\" style=\"margin-bottom:24px\"><img loading=\"lazy\" decoding=\"async\" width=\"1447\" height=\"1288\" src=\"https:\/\/loadless.be\/wp-content\/uploads\/2025\/10\/img.jpg\" alt=\"\" class=\"wp-image-340\" style=\"aspect-ratio:4\/3;object-fit:cover\" srcset=\"https:\/\/loadless.be\/wp-content\/uploads\/2025\/10\/img.jpg 1447w, https:\/\/loadless.be\/wp-content\/uploads\/2025\/10\/img-300x267.jpg 300w, https:\/\/loadless.be\/wp-content\/uploads\/2025\/10\/img-1024x911.jpg 1024w, https:\/\/loadless.be\/wp-content\/uploads\/2025\/10\/img-768x684.jpg 768w\" sizes=\"auto, (max-width: 1447px) 100vw, 1447px\" \/><\/figure>\n\n\n\n<h3 class=\"wp-block-heading\">La Charcuterie &#8211; Bruxelles <\/h3>\n\n\n\n<p class=\"has-medium-font-size\">Ma premi\u00e8re Exposition collective d&#8217;arts imprim\u00e9s, linogravures, eau-fortes ou encore s\u00e9rigraphies \u00e9taient propos\u00e9. C&#8217;\u00e9tait en 2014!<\/p>\n<\/div>\n<\/div>\n<\/div>\n\n\n\n<div class=\"wp-block-group alignfull has-small-font-size has-global-padding is-layout-constrained wp-block-group-is-layout-constrained\" style=\"margin-top:0;margin-bottom:0\">\n<div class=\"wp-block-group alignwide is-layout-flow wp-container-core-group-is-layout-d58a0413 wp-block-group-is-layout-flow\" style=\"padding-top:var(--wp--preset--spacing--50);padding-bottom:var(--wp--preset--spacing--50)\">\n<h2 class=\"wp-block-heading has-x-large-font-size\">Frequently Asked Questions<\/h2>\n\n\n\n<div class=\"wp-block-columns is-layout-flex wp-container-core-columns-is-layout-cbe57604 wp-block-columns-is-layout-flex\">\n<div class=\"wp-block-column is-layout-flow wp-block-column-is-layout-flow\">\n<div class=\"wp-block-group is-layout-flow wp-block-group-is-layout-flow\" style=\"border-top-color:var(--wp--preset--color--accent-6);border-top-width:1px;padding-top:var(--wp--preset--spacing--30);padding-bottom:var(--wp--preset--spacing--30)\">\n<h3 class=\"wp-block-heading\">Can I get prints?<\/h3>\n\n\n\n<p>I do have prints, sadly they are only available during specific event like artisans and craft fair.<br><br>I&#8217;m currently working on a way to make them available online. Finger crossed for the end of 2025.<\/p>\n<\/div>\n<\/div>\n\n\n\n<div class=\"wp-block-column is-layout-flow wp-block-column-is-layout-flow\">\n<div class=\"wp-block-group is-layout-flow wp-block-group-is-layout-flow\" style=\"border-top-color:var(--wp--preset--color--accent-6);border-top-width:1px;padding-top:var(--wp--preset--spacing--30);padding-bottom:var(--wp--preset--spacing--30)\">\n<h3 class=\"wp-block-heading\">Puis-je acheter des prints?<\/h3>\n\n\n\n<p>M\u00eame si j&#8217;aimerais proposer offrir des print de qualit\u00e9s a tout le monde, ils ne sont disponibles que lors de march\u00e9s d&#8217;artisan.e.s. <br><br>Je travail actuellement a rendre mes illustrations acessible en ligne. On croise les doigts pour fin 2025.<\/p>\n<\/div>\n<\/div>\n<\/div>\n\n\n\n<div class=\"wp-block-columns is-layout-flex wp-container-core-columns-is-layout-cbe57604 wp-block-columns-is-layout-flex\">\n<div class=\"wp-block-column is-layout-flow wp-block-column-is-layout-flow\"><\/div>\n\n\n\n<div class=\"wp-block-column is-layout-flow wp-block-column-is-layout-flow\"><\/div>\n<\/div>\n<\/div>\n<\/div>\n","protected":false},"excerpt":{"rendered":"<p>Exhibitions &#8211; Expositions Belgique: (FR only) Parcours d&#8217;artistes &#8220;Le tr\u00e8fle&#8221; \u00e0 Louvain-la-Neuve. Les week-ends des 26 &amp; 27 septembre et 03 &amp; 04 octobre je pr\u00e9senterais mes illustrations dans le cadre du parcours d&#8217;artiste de Louvain-la-Neuve. Plus d&#8217;information bient\u00f4t. Past exhibitions &#8211; expositions pass\u00e9es Les coccinelles &#8211; LLN Du 23 Novembre au 23 d\u00e9cembre 2025, [&hellip;]<\/p>\n","protected":false},"author":1,"featured_media":0,"parent":0,"menu_order":0,"comment_status":"closed","ping_status":"closed","template":"","meta":{"footnotes":""},"class_list":["post-333","page","type-page","status-publish","hentry"],"yoast_head":"<!-- This site is optimized with the Yoast SEO plugin v27.5 - https:\/\/yoast.com\/product\/yoast-seo-wordpress\/ -->\n<title>Shows - loadless<\/title>\n<meta name=\"robots\" content=\"index, follow, max-snippet:-1, max-image-preview:large, max-video-preview:-1\" \/>\n<link rel=\"canonical\" href=\"https:\/\/loadless.be\/index.php\/shows\/\" \/>\n<meta property=\"og:locale\" content=\"en_US\" \/>\n<meta property=\"og:type\" content=\"article\" \/>\n<meta property=\"og:title\" content=\"Shows - loadless\" \/>\n<meta property=\"og:description\" content=\"Exhibitions &#8211; Expositions Belgique: (FR only) Parcours d&#8217;artistes &#8220;Le tr\u00e8fle&#8221; \u00e0 Louvain-la-Neuve. Les week-ends des 26 &amp; 27 septembre et 03 &amp; 04 octobre je pr\u00e9senterais mes illustrations dans le cadre du parcours d&#8217;artiste de Louvain-la-Neuve. Plus d&#8217;information bient\u00f4t. Past exhibitions &#8211; expositions pass\u00e9es Les coccinelles &#8211; LLN Du 23 Novembre au 23 d\u00e9cembre 2025, [&hellip;]\" \/>\n<meta property=\"og:url\" content=\"https:\/\/loadless.be\/index.php\/shows\/\" \/>\n<meta property=\"og:site_name\" content=\"loadless\" \/>\n<meta property=\"article:modified_time\" content=\"2026-02-13T17:09:45+00:00\" \/>\n<meta property=\"og:image\" content=\"https:\/\/loadless.be\/wp-content\/uploads\/2025\/10\/DSC_0152-scaled.jpg\" \/>\n\t<meta property=\"og:image:width\" content=\"2560\" \/>\n\t<meta property=\"og:image:height\" content=\"2207\" \/>\n\t<meta property=\"og:image:type\" content=\"image\/jpeg\" \/>\n<meta name=\"twitter:card\" content=\"summary_large_image\" \/>\n<meta name=\"twitter:label1\" content=\"Est. reading time\" \/>\n\t<meta name=\"twitter:data1\" content=\"3 minutes\" \/>\n<script type=\"application\/ld+json\" class=\"yoast-schema-graph\">{\"@context\":\"https:\\\/\\\/schema.org\",\"@graph\":[{\"@type\":\"WebPage\",\"@id\":\"https:\\\/\\\/loadless.be\\\/index.php\\\/shows\\\/\",\"url\":\"https:\\\/\\\/loadless.be\\\/index.php\\\/shows\\\/\",\"name\":\"Shows - loadless\",\"isPartOf\":{\"@id\":\"https:\\\/\\\/loadless.be\\\/#website\"},\"primaryImageOfPage\":{\"@id\":\"https:\\\/\\\/loadless.be\\\/index.php\\\/shows\\\/#primaryimage\"},\"image\":{\"@id\":\"https:\\\/\\\/loadless.be\\\/index.php\\\/shows\\\/#primaryimage\"},\"thumbnailUrl\":\"https:\\\/\\\/loadless.be\\\/wp-content\\\/uploads\\\/2025\\\/10\\\/DSC_0152-scaled.jpg\",\"datePublished\":\"2025-10-17T16:29:42+00:00\",\"dateModified\":\"2026-02-13T17:09:45+00:00\",\"breadcrumb\":{\"@id\":\"https:\\\/\\\/loadless.be\\\/index.php\\\/shows\\\/#breadcrumb\"},\"inLanguage\":\"en-US\",\"potentialAction\":[{\"@type\":\"ReadAction\",\"target\":[\"https:\\\/\\\/loadless.be\\\/index.php\\\/shows\\\/\"]}]},{\"@type\":\"ImageObject\",\"inLanguage\":\"en-US\",\"@id\":\"https:\\\/\\\/loadless.be\\\/index.php\\\/shows\\\/#primaryimage\",\"url\":\"https:\\\/\\\/loadless.be\\\/wp-content\\\/uploads\\\/2025\\\/10\\\/DSC_0152-scaled.jpg\",\"contentUrl\":\"https:\\\/\\\/loadless.be\\\/wp-content\\\/uploads\\\/2025\\\/10\\\/DSC_0152-scaled.jpg\",\"width\":2560,\"height\":2207},{\"@type\":\"BreadcrumbList\",\"@id\":\"https:\\\/\\\/loadless.be\\\/index.php\\\/shows\\\/#breadcrumb\",\"itemListElement\":[{\"@type\":\"ListItem\",\"position\":1,\"name\":\"Home\",\"item\":\"https:\\\/\\\/loadless.be\\\/\"},{\"@type\":\"ListItem\",\"position\":2,\"name\":\"Shows\"}]},{\"@type\":\"WebSite\",\"@id\":\"https:\\\/\\\/loadless.be\\\/#website\",\"url\":\"https:\\\/\\\/loadless.be\\\/\",\"name\":\"loadless\",\"description\":\"Illustration and cozy graphic design\",\"potentialAction\":[{\"@type\":\"SearchAction\",\"target\":{\"@type\":\"EntryPoint\",\"urlTemplate\":\"https:\\\/\\\/loadless.be\\\/?s={search_term_string}\"},\"query-input\":{\"@type\":\"PropertyValueSpecification\",\"valueRequired\":true,\"valueName\":\"search_term_string\"}}],\"inLanguage\":\"en-US\"}]}<\/script>\n<!-- \/ Yoast SEO plugin. -->","yoast_head_json":{"title":"Shows - loadless","robots":{"index":"index","follow":"follow","max-snippet":"max-snippet:-1","max-image-preview":"max-image-preview:large","max-video-preview":"max-video-preview:-1"},"canonical":"https:\/\/loadless.be\/index.php\/shows\/","og_locale":"en_US","og_type":"article","og_title":"Shows - loadless","og_description":"Exhibitions &#8211; Expositions Belgique: (FR only) Parcours d&#8217;artistes &#8220;Le tr\u00e8fle&#8221; \u00e0 Louvain-la-Neuve. Les week-ends des 26 &amp; 27 septembre et 03 &amp; 04 octobre je pr\u00e9senterais mes illustrations dans le cadre du parcours d&#8217;artiste de Louvain-la-Neuve. Plus d&#8217;information bient\u00f4t. Past exhibitions &#8211; expositions pass\u00e9es Les coccinelles &#8211; LLN Du 23 Novembre au 23 d\u00e9cembre 2025, [&hellip;]","og_url":"https:\/\/loadless.be\/index.php\/shows\/","og_site_name":"loadless","article_modified_time":"2026-02-13T17:09:45+00:00","og_image":[{"width":2560,"height":2207,"url":"https:\/\/loadless.be\/wp-content\/uploads\/2025\/10\/DSC_0152-scaled.jpg","type":"image\/jpeg"}],"twitter_card":"summary_large_image","twitter_misc":{"Est. reading time":"3 minutes"},"schema":{"@context":"https:\/\/schema.org","@graph":[{"@type":"WebPage","@id":"https:\/\/loadless.be\/index.php\/shows\/","url":"https:\/\/loadless.be\/index.php\/shows\/","name":"Shows - loadless","isPartOf":{"@id":"https:\/\/loadless.be\/#website"},"primaryImageOfPage":{"@id":"https:\/\/loadless.be\/index.php\/shows\/#primaryimage"},"image":{"@id":"https:\/\/loadless.be\/index.php\/shows\/#primaryimage"},"thumbnailUrl":"https:\/\/loadless.be\/wp-content\/uploads\/2025\/10\/DSC_0152-scaled.jpg","datePublished":"2025-10-17T16:29:42+00:00","dateModified":"2026-02-13T17:09:45+00:00","breadcrumb":{"@id":"https:\/\/loadless.be\/index.php\/shows\/#breadcrumb"},"inLanguage":"en-US","potentialAction":[{"@type":"ReadAction","target":["https:\/\/loadless.be\/index.php\/shows\/"]}]},{"@type":"ImageObject","inLanguage":"en-US","@id":"https:\/\/loadless.be\/index.php\/shows\/#primaryimage","url":"https:\/\/loadless.be\/wp-content\/uploads\/2025\/10\/DSC_0152-scaled.jpg","contentUrl":"https:\/\/loadless.be\/wp-content\/uploads\/2025\/10\/DSC_0152-scaled.jpg","width":2560,"height":2207},{"@type":"BreadcrumbList","@id":"https:\/\/loadless.be\/index.php\/shows\/#breadcrumb","itemListElement":[{"@type":"ListItem","position":1,"name":"Home","item":"https:\/\/loadless.be\/"},{"@type":"ListItem","position":2,"name":"Shows"}]},{"@type":"WebSite","@id":"https:\/\/loadless.be\/#website","url":"https:\/\/loadless.be\/","name":"loadless","description":"Illustration and cozy graphic design","potentialAction":[{"@type":"SearchAction","target":{"@type":"EntryPoint","urlTemplate":"https:\/\/loadless.be\/?s={search_term_string}"},"query-input":{"@type":"PropertyValueSpecification","valueRequired":true,"valueName":"search_term_string"}}],"inLanguage":"en-US"}]}},"_links":{"self":[{"href":"https:\/\/loadless.be\/index.php\/wp-json\/wp\/v2\/pages\/333","targetHints":{"allow":["GET"]}}],"collection":[{"href":"https:\/\/loadless.be\/index.php\/wp-json\/wp\/v2\/pages"}],"about":[{"href":"https:\/\/loadless.be\/index.php\/wp-json\/wp\/v2\/types\/page"}],"author":[{"embeddable":true,"href":"https:\/\/loadless.be\/index.php\/wp-json\/wp\/v2\/users\/1"}],"replies":[{"embeddable":true,"href":"https:\/\/loadless.be\/index.php\/wp-json\/wp\/v2\/comments?post=333"}],"version-history":[{"count":8,"href":"https:\/\/loadless.be\/index.php\/wp-json\/wp\/v2\/pages\/333\/revisions"}],"predecessor-version":[{"id":498,"href":"https:\/\/loadless.be\/index.php\/wp-json\/wp\/v2\/pages\/333\/revisions\/498"}],"wp:attachment":[{"href":"https:\/\/loadless.be\/index.php\/wp-json\/wp\/v2\/media?parent=333"}],"curies":[{"name":"wp","href":"https:\/\/api.w.org\/{rel}","templated":true}]}}