{"id":371,"date":"2025-12-03T21:03:52","date_gmt":"2025-12-03T20:03:52","guid":{"rendered":"https:\/\/loadless.be\/?page_id=371"},"modified":"2025-12-03T21:03:53","modified_gmt":"2025-12-03T20:03:53","slug":"inktober-2025","status":"publish","type":"page","link":"https:\/\/loadless.be\/index.php\/inktober-2025\/","title":{"rendered":"Inktober 2025"},"content":{"rendered":"\n<div class=\"wp-block-group alignfull is-style-section-1 has-global-padding is-layout-constrained wp-container-core-group-is-layout-0c9c989a wp-block-group-is-layout-constrained is-style-section-1--1\" style=\"min-height:0vh;margin-top:0;margin-bottom:0;padding-top:var(--wp--preset--spacing--70);padding-right:var(--wp--preset--spacing--40);padding-bottom:var(--wp--preset--spacing--70);padding-left:var(--wp--preset--spacing--40)\">\n<figure class=\"wp-block-gallery has-nested-images columns-default is-cropped wp-block-gallery-2 is-layout-flex wp-block-gallery-is-layout-flex\">\n<figure class=\"wp-block-image size-large is-style-default\"><img loading=\"lazy\" decoding=\"async\" width=\"773\" height=\"1024\" data-id=\"394\" src=\"https:\/\/loadless.be\/wp-content\/uploads\/2025\/12\/ink-25-blanket-773x1024.jpg\" alt=\"A person snuggled up in a big, fluffy blanket. The blanket is covered with colorful patterns. On the side there is a pile of book and a cup, from the cup a smilling ghost float up. Behind a window show a stary night.\" class=\"wp-image-394\" srcset=\"https:\/\/loadless.be\/wp-content\/uploads\/2025\/12\/ink-25-blanket-773x1024.jpg 773w, https:\/\/loadless.be\/wp-content\/uploads\/2025\/12\/ink-25-blanket-226x300.jpg 226w, https:\/\/loadless.be\/wp-content\/uploads\/2025\/12\/ink-25-blanket-768x1017.jpg 768w, https:\/\/loadless.be\/wp-content\/uploads\/2025\/12\/ink-25-blanket-1160x1536.jpg 1160w, https:\/\/loadless.be\/wp-content\/uploads\/2025\/12\/ink-25-blanket.jpg 1436w\" sizes=\"auto, (max-width: 773px) 100vw, 773px\" \/><\/figure>\n\n\n\n<figure class=\"wp-block-image size-large\"><img loading=\"lazy\" decoding=\"async\" width=\"698\" height=\"1024\" data-id=\"395\" src=\"https:\/\/loadless.be\/wp-content\/uploads\/2025\/12\/ink-25-poppies-698x1024.jpg\" alt=\"A person with a green sweater, a red scarf and a plaid pant is walking through a forest. They have short hair and are holding a bouquet of poppies. There bag is a weaved basket filled with red fruits.\" class=\"wp-image-395\" srcset=\"https:\/\/loadless.be\/wp-content\/uploads\/2025\/12\/ink-25-poppies-698x1024.jpg 698w, https:\/\/loadless.be\/wp-content\/uploads\/2025\/12\/ink-25-poppies-204x300.jpg 204w, https:\/\/loadless.be\/wp-content\/uploads\/2025\/12\/ink-25-poppies-768x1127.jpg 768w, https:\/\/loadless.be\/wp-content\/uploads\/2025\/12\/ink-25-poppies-1047x1536.jpg 1047w, https:\/\/loadless.be\/wp-content\/uploads\/2025\/12\/ink-25-poppies.jpg 1296w\" sizes=\"auto, (max-width: 698px) 100vw, 698px\" \/><\/figure>\n<\/figure>\n\n\n\n<div class=\"wp-block-group has-global-padding is-layout-constrained wp-container-core-group-is-layout-346627ba wp-block-group-is-layout-constrained\">\n<h2 class=\"wp-block-heading has-text-align-center has-xx-large-font-size\" style=\"margin-right:0;margin-left:0;padding-right:0;padding-left:0\">A colorful year<\/h2>\n\n\n\n<p class=\"has-text-align-center\">This year for inktober illustration challenge, I left ink aside and picked the watercolors. I wanted to explore more complex compositions full of details,patterns and textures. Adding whimsy and cozy to the cauldron I brewed a series of comforting and war illustrations. Some of which ended up in 2026 calendar. <br><br>Cette ann\u00e9e pour le challenge inktober, j&#8217;ai laiss\u00e9 l&#8217;encre de c\u00f4t\u00e9 pour prendre mes aquarelles. Je voulais explorer des compositions plus complexes, pleines de d\u00e9tails, de motifs et de textures. La recette de cette s\u00e9rie d&#8217;illustrations comprend beaucoup de r\u00e9confort et un brin de magie. Certaines de ces cr\u00e9ations se retrouvent dans le calendrier 2026.<\/p>\n<\/div>\n<\/div>\n\n\n\n<div class=\"wp-block-group alignfull has-global-padding is-layout-constrained wp-block-group-is-layout-constrained\">\n<div class=\"wp-block-columns is-layout-flex wp-container-core-columns-is-layout-28f84493 wp-block-columns-is-layout-flex\">\n<div class=\"wp-block-column is-layout-flow wp-block-column-is-layout-flow\" style=\"flex-basis:100%\">\n<div class=\"wp-block-columns is-layout-flex wp-container-core-columns-is-layout-28f84493 wp-block-columns-is-layout-flex\">\n<div class=\"wp-block-column is-layout-flow wp-block-column-is-layout-flow\" style=\"flex-basis:100%\"><\/div>\n<\/div>\n<\/div>\n<\/div>\n<\/div>\n\n\n\n<div class=\"wp-block-group alignfull has-global-padding is-layout-constrained wp-container-core-group-is-layout-ebee8dc1 wp-block-group-is-layout-constrained\" style=\"margin-top:0;margin-bottom:0;padding-top:var(--wp--preset--spacing--50);padding-bottom:var(--wp--preset--spacing--50)\">\n<h5 class=\"wp-block-heading alignwide\">peeks at illustrations<\/h5>\n\n\n\n<div class=\"wp-block-columns alignwide is-layout-flex wp-container-core-columns-is-layout-28f84493 wp-block-columns-is-layout-flex\">\n<div class=\"wp-block-column is-layout-flow wp-block-column-is-layout-flow\">\n<figure class=\"wp-block-image size-full\" style=\"margin-bottom:24px\"><img loading=\"lazy\" decoding=\"async\" width=\"2007\" height=\"1360\" src=\"https:\/\/loadless.be\/wp-content\/uploads\/2025\/12\/ink-25-tea-time.jpg\" alt=\"A watercolor illustration of of two person are having tea, sitting at a round table. The table is covered with a red tablecloth with squared patterns . There is a big round tea-pot as well as tea cups, scones and jam. They are in a cozy interior with a warm lamp sitting atop a side table. There is a big window and a framed picture of a white dog on the wall.\" class=\"wp-image-388\" style=\"aspect-ratio:4\/3;object-fit:cover\" srcset=\"https:\/\/loadless.be\/wp-content\/uploads\/2025\/12\/ink-25-tea-time.jpg 2007w, https:\/\/loadless.be\/wp-content\/uploads\/2025\/12\/ink-25-tea-time-300x203.jpg 300w, https:\/\/loadless.be\/wp-content\/uploads\/2025\/12\/ink-25-tea-time-1024x694.jpg 1024w, https:\/\/loadless.be\/wp-content\/uploads\/2025\/12\/ink-25-tea-time-768x520.jpg 768w, https:\/\/loadless.be\/wp-content\/uploads\/2025\/12\/ink-25-tea-time-1536x1041.jpg 1536w\" sizes=\"auto, (max-width: 2007px) 100vw, 2007px\" \/><\/figure>\n\n\n\n<h6 class=\"wp-block-heading\">tea-time<\/h6>\n<\/div>\n\n\n\n<div class=\"wp-block-column is-layout-flow wp-block-column-is-layout-flow\">\n<figure class=\"wp-block-image size-full\" style=\"margin-bottom:24px\"><img loading=\"lazy\" decoding=\"async\" width=\"2007\" height=\"1360\" src=\"https:\/\/loadless.be\/wp-content\/uploads\/2025\/12\/ink-25-runnerducks.jpg\" alt=\"A watercolor illustration of a person followed by three runner ducks is walking right. One of the duck as a purple ribbon around their neck. The landscap is filled with trees in fall foliages.\" class=\"wp-image-389\" style=\"aspect-ratio:4\/3;object-fit:cover\" srcset=\"https:\/\/loadless.be\/wp-content\/uploads\/2025\/12\/ink-25-runnerducks.jpg 2007w, https:\/\/loadless.be\/wp-content\/uploads\/2025\/12\/ink-25-runnerducks-300x203.jpg 300w, https:\/\/loadless.be\/wp-content\/uploads\/2025\/12\/ink-25-runnerducks-1024x694.jpg 1024w, https:\/\/loadless.be\/wp-content\/uploads\/2025\/12\/ink-25-runnerducks-768x520.jpg 768w, https:\/\/loadless.be\/wp-content\/uploads\/2025\/12\/ink-25-runnerducks-1536x1041.jpg 1536w\" sizes=\"auto, (max-width: 2007px) 100vw, 2007px\" \/><\/figure>\n\n\n\n<h6 class=\"wp-block-heading\">runner ducks<\/h6>\n<\/div>\n\n\n\n<div class=\"wp-block-column is-layout-flow wp-block-column-is-layout-flow\">\n<figure class=\"wp-block-image size-full\" style=\"margin-bottom:24px\"><img loading=\"lazy\" decoding=\"async\" width=\"2007\" height=\"1360\" src=\"https:\/\/loadless.be\/wp-content\/uploads\/2025\/12\/ink-25-accorns.jpg\" alt=\"A watercolor illustration of two squirrels crafting an oak garland on a branch. there are altering acorns and oak leaves on a red string.\" class=\"wp-image-390\" style=\"aspect-ratio:4\/3;object-fit:cover\" srcset=\"https:\/\/loadless.be\/wp-content\/uploads\/2025\/12\/ink-25-accorns.jpg 2007w, https:\/\/loadless.be\/wp-content\/uploads\/2025\/12\/ink-25-accorns-300x203.jpg 300w, https:\/\/loadless.be\/wp-content\/uploads\/2025\/12\/ink-25-accorns-1024x694.jpg 1024w, https:\/\/loadless.be\/wp-content\/uploads\/2025\/12\/ink-25-accorns-768x520.jpg 768w, https:\/\/loadless.be\/wp-content\/uploads\/2025\/12\/ink-25-accorns-1536x1041.jpg 1536w\" sizes=\"auto, (max-width: 2007px) 100vw, 2007px\" \/><\/figure>\n\n\n\n<h6 class=\"wp-block-heading\">garland<\/h6>\n<\/div>\n<\/div>\n<\/div>\n\n\n\n<div class=\"wp-block-group alignfull has-global-padding is-layout-constrained wp-container-core-group-is-layout-ebee8dc1 wp-block-group-is-layout-constrained\" style=\"margin-top:0;margin-bottom:0;padding-top:var(--wp--preset--spacing--50);padding-bottom:var(--wp--preset--spacing--50)\">\n<div class=\"wp-block-columns alignwide is-layout-flex wp-container-core-columns-is-layout-28f84493 wp-block-columns-is-layout-flex\">\n<div class=\"wp-block-column is-layout-flow wp-block-column-is-layout-flow\">\n<figure class=\"wp-block-image size-full\" style=\"margin-bottom:24px\"><img loading=\"lazy\" decoding=\"async\" width=\"2007\" height=\"1360\" src=\"https:\/\/loadless.be\/wp-content\/uploads\/2025\/12\/ink-25-bags.jpg\" alt=\"A watercolor illustration of a person sitting on a tight rope in the sky. They have heavy bags on their side and look ahead, hopeful. The sky is colorful and full of stars. A bird is sitting with them.\" class=\"wp-image-391\" style=\"aspect-ratio:4\/3;object-fit:cover\" srcset=\"https:\/\/loadless.be\/wp-content\/uploads\/2025\/12\/ink-25-bags.jpg 2007w, https:\/\/loadless.be\/wp-content\/uploads\/2025\/12\/ink-25-bags-300x203.jpg 300w, https:\/\/loadless.be\/wp-content\/uploads\/2025\/12\/ink-25-bags-1024x694.jpg 1024w, https:\/\/loadless.be\/wp-content\/uploads\/2025\/12\/ink-25-bags-768x520.jpg 768w, https:\/\/loadless.be\/wp-content\/uploads\/2025\/12\/ink-25-bags-1536x1041.jpg 1536w\" sizes=\"auto, (max-width: 2007px) 100vw, 2007px\" \/><\/figure>\n\n\n\n<h6 class=\"wp-block-heading\">rope<\/h6>\n<\/div>\n\n\n\n<div class=\"wp-block-column is-layout-flow wp-block-column-is-layout-flow\">\n<figure class=\"wp-block-image size-full\" style=\"margin-bottom:24px\"><img loading=\"lazy\" decoding=\"async\" width=\"1710\" height=\"1360\" src=\"https:\/\/loadless.be\/wp-content\/uploads\/2025\/12\/ink-25-accorn2.jpg\" alt=\"A watercolor illustration of an acorn house in the forest. Smoke rise from a chimney and mushrooms are growing around.\" class=\"wp-image-392\" style=\"aspect-ratio:4\/3;object-fit:cover\" srcset=\"https:\/\/loadless.be\/wp-content\/uploads\/2025\/12\/ink-25-accorn2.jpg 1710w, https:\/\/loadless.be\/wp-content\/uploads\/2025\/12\/ink-25-accorn2-300x239.jpg 300w, https:\/\/loadless.be\/wp-content\/uploads\/2025\/12\/ink-25-accorn2-1024x814.jpg 1024w, https:\/\/loadless.be\/wp-content\/uploads\/2025\/12\/ink-25-accorn2-768x611.jpg 768w, https:\/\/loadless.be\/wp-content\/uploads\/2025\/12\/ink-25-accorn2-1536x1222.jpg 1536w\" sizes=\"auto, (max-width: 1710px) 100vw, 1710px\" \/><\/figure>\n\n\n\n<h6 class=\"wp-block-heading\">acorn<\/h6>\n<\/div>\n\n\n\n<div class=\"wp-block-column is-layout-flow wp-block-column-is-layout-flow\">\n<figure class=\"wp-block-image size-full\" style=\"margin-bottom:24px\"><img loading=\"lazy\" decoding=\"async\" width=\"2007\" height=\"1360\" src=\"https:\/\/loadless.be\/wp-content\/uploads\/2025\/12\/ink-25-24.jpg\" alt=\"A watercolor illustration of a girl holding a lantern in the night. Smiling stars surround her.\" class=\"wp-image-393\" style=\"aspect-ratio:4\/3;object-fit:cover\" srcset=\"https:\/\/loadless.be\/wp-content\/uploads\/2025\/12\/ink-25-24.jpg 2007w, https:\/\/loadless.be\/wp-content\/uploads\/2025\/12\/ink-25-24-300x203.jpg 300w, https:\/\/loadless.be\/wp-content\/uploads\/2025\/12\/ink-25-24-1024x694.jpg 1024w, https:\/\/loadless.be\/wp-content\/uploads\/2025\/12\/ink-25-24-768x520.jpg 768w, https:\/\/loadless.be\/wp-content\/uploads\/2025\/12\/ink-25-24-1536x1041.jpg 1536w\" sizes=\"auto, (max-width: 2007px) 100vw, 2007px\" \/><\/figure>\n\n\n\n<h6 class=\"wp-block-heading\">lantern<\/h6>\n<\/div>\n<\/div>\n\n\n\n<h2 class=\"wp-block-heading alignwide\"><\/h2>\n<\/div>\n\n\n\n<div class=\"wp-block-group alignfull is-style-section-1 has-global-padding is-layout-constrained wp-block-group-is-layout-constrained is-style-section-1--3\" style=\"margin-top:0;margin-bottom:0;padding-top:var(--wp--preset--spacing--60);padding-bottom:var(--wp--preset--spacing--60)\">\n<div class=\"wp-block-columns alignwide is-layout-flex wp-container-core-columns-is-layout-74b2cda3 wp-block-columns-is-layout-flex\">\n<div class=\"wp-block-column is-layout-flow wp-block-column-is-layout-flow\">\n<figure class=\"wp-block-gallery has-nested-images columns-default is-cropped wp-block-gallery-4 is-layout-flex wp-block-gallery-is-layout-flex\">\n<figure class=\"wp-block-image size-large\"><img loading=\"lazy\" decoding=\"async\" width=\"853\" height=\"1024\" data-id=\"399\" src=\"https:\/\/loadless.be\/wp-content\/uploads\/2025\/12\/Ink-button-01-853x1024.jpg\" alt=\"The photo of a watercolor illustration on a desk. The illustration shows a little person holding a green button over there head. The look very happy with their newfound treasure.\" class=\"wp-image-399\" srcset=\"https:\/\/loadless.be\/wp-content\/uploads\/2025\/12\/Ink-button-01-853x1024.jpg 853w, https:\/\/loadless.be\/wp-content\/uploads\/2025\/12\/Ink-button-01-250x300.jpg 250w, https:\/\/loadless.be\/wp-content\/uploads\/2025\/12\/Ink-button-01-768x922.jpg 768w, https:\/\/loadless.be\/wp-content\/uploads\/2025\/12\/Ink-button-01.jpg 1000w\" sizes=\"auto, (max-width: 853px) 100vw, 853px\" \/><\/figure>\n\n\n\n<figure class=\"wp-block-image size-large\"><img loading=\"lazy\" decoding=\"async\" width=\"853\" height=\"1024\" data-id=\"396\" src=\"https:\/\/loadless.be\/wp-content\/uploads\/2025\/12\/Ink-01Owl-01-1-853x1024.jpg\" alt=\"an illustration on a desk. The illustration shows a giant owl bringing storm over a cozy fall landscape. the landscape shows cute house and fields.\" class=\"wp-image-396\" srcset=\"https:\/\/loadless.be\/wp-content\/uploads\/2025\/12\/Ink-01Owl-01-1-853x1024.jpg 853w, https:\/\/loadless.be\/wp-content\/uploads\/2025\/12\/Ink-01Owl-01-1-250x300.jpg 250w, https:\/\/loadless.be\/wp-content\/uploads\/2025\/12\/Ink-01Owl-01-1-768x922.jpg 768w, https:\/\/loadless.be\/wp-content\/uploads\/2025\/12\/Ink-01Owl-01-1.jpg 1000w\" sizes=\"auto, (max-width: 853px) 100vw, 853px\" \/><\/figure>\n\n\n\n<figure class=\"wp-block-image size-large is-style-default\"><img loading=\"lazy\" decoding=\"async\" width=\"853\" height=\"1024\" data-id=\"397\" src=\"https:\/\/loadless.be\/wp-content\/uploads\/2025\/12\/Ink-runnerDuck-00-1-853x1024.jpg\" alt=\"\" class=\"wp-image-397\" srcset=\"https:\/\/loadless.be\/wp-content\/uploads\/2025\/12\/Ink-runnerDuck-00-1-853x1024.jpg 853w, https:\/\/loadless.be\/wp-content\/uploads\/2025\/12\/Ink-runnerDuck-00-1-250x300.jpg 250w, https:\/\/loadless.be\/wp-content\/uploads\/2025\/12\/Ink-runnerDuck-00-1-768x922.jpg 768w, https:\/\/loadless.be\/wp-content\/uploads\/2025\/12\/Ink-runnerDuck-00-1.jpg 1000w\" sizes=\"auto, (max-width: 853px) 100vw, 853px\" \/><\/figure>\n<\/figure>\n<\/div>\n\n\n\n<div class=\"wp-block-column is-layout-flow wp-block-column-is-layout-flow\" style=\"padding-top:0;padding-right:0;padding-bottom:0;padding-left:0\">\n<blockquote class=\"wp-block-quote is-layout-flow wp-block-quote-is-layout-flow\">\n<p>Another peek over my desk as I was working. <\/p>\n<\/blockquote>\n<\/div>\n<\/div>\n<\/div>\n\n\n\n<div class=\"wp-block-buttons is-layout-flex wp-block-buttons-is-layout-flex\">\n<div class=\"wp-block-button\"><a class=\"wp-block-button__link wp-element-button\" href=\"https:\/\/loadless.be\/index.php\/illustration\/\">Back to &#8220;illustration&#8221;<\/a><\/div>\n<\/div>\n\n\n\n<p><\/p>\n","protected":false},"excerpt":{"rendered":"<p>A colorful year This year for inktober illustration challenge, I left ink aside and picked the watercolors. I wanted to explore more complex compositions full of details,patterns and textures. Adding whimsy and cozy to the cauldron I brewed a series of comforting and war illustrations. Some of which ended up in 2026 calendar. Cette ann\u00e9e [&hellip;]<\/p>\n","protected":false},"author":1,"featured_media":0,"parent":0,"menu_order":0,"comment_status":"closed","ping_status":"closed","template":"","meta":{"footnotes":""},"class_list":["post-371","page","type-page","status-publish","hentry"],"yoast_head":"<!-- This site is optimized with the Yoast SEO plugin v27.5 - https:\/\/yoast.com\/product\/yoast-seo-wordpress\/ -->\n<title>Inktober 2025 - loadless<\/title>\n<meta name=\"robots\" content=\"index, follow, max-snippet:-1, max-image-preview:large, max-video-preview:-1\" \/>\n<link rel=\"canonical\" href=\"https:\/\/loadless.be\/index.php\/inktober-2025\/\" \/>\n<meta property=\"og:locale\" content=\"en_US\" \/>\n<meta property=\"og:type\" content=\"article\" \/>\n<meta property=\"og:title\" content=\"Inktober 2025 - loadless\" \/>\n<meta property=\"og:description\" content=\"A colorful year This year for inktober illustration challenge, I left ink aside and picked the watercolors. I wanted to explore more complex compositions full of details,patterns and textures. Adding whimsy and cozy to the cauldron I brewed a series of comforting and war illustrations. Some of which ended up in 2026 calendar. Cette ann\u00e9e [&hellip;]\" \/>\n<meta property=\"og:url\" content=\"https:\/\/loadless.be\/index.php\/inktober-2025\/\" \/>\n<meta property=\"og:site_name\" content=\"loadless\" \/>\n<meta property=\"article:modified_time\" content=\"2025-12-03T20:03:53+00:00\" \/>\n<meta property=\"og:image\" content=\"https:\/\/loadless.be\/wp-content\/uploads\/2025\/12\/ink-25-blanket.jpg\" \/>\n\t<meta property=\"og:image:width\" content=\"1436\" \/>\n\t<meta property=\"og:image:height\" content=\"1902\" \/>\n\t<meta property=\"og:image:type\" content=\"image\/jpeg\" \/>\n<meta name=\"twitter:card\" content=\"summary_large_image\" \/>\n<meta name=\"twitter:label1\" content=\"Est. reading time\" \/>\n\t<meta name=\"twitter:data1\" content=\"3 minutes\" \/>\n<script type=\"application\/ld+json\" class=\"yoast-schema-graph\">{\"@context\":\"https:\\\/\\\/schema.org\",\"@graph\":[{\"@type\":\"WebPage\",\"@id\":\"https:\\\/\\\/loadless.be\\\/index.php\\\/inktober-2025\\\/\",\"url\":\"https:\\\/\\\/loadless.be\\\/index.php\\\/inktober-2025\\\/\",\"name\":\"Inktober 2025 - loadless\",\"isPartOf\":{\"@id\":\"https:\\\/\\\/loadless.be\\\/#website\"},\"primaryImageOfPage\":{\"@id\":\"https:\\\/\\\/loadless.be\\\/index.php\\\/inktober-2025\\\/#primaryimage\"},\"image\":{\"@id\":\"https:\\\/\\\/loadless.be\\\/index.php\\\/inktober-2025\\\/#primaryimage\"},\"thumbnailUrl\":\"https:\\\/\\\/loadless.be\\\/wp-content\\\/uploads\\\/2025\\\/12\\\/ink-25-blanket-773x1024.jpg\",\"datePublished\":\"2025-12-03T20:03:52+00:00\",\"dateModified\":\"2025-12-03T20:03:53+00:00\",\"breadcrumb\":{\"@id\":\"https:\\\/\\\/loadless.be\\\/index.php\\\/inktober-2025\\\/#breadcrumb\"},\"inLanguage\":\"en-US\",\"potentialAction\":[{\"@type\":\"ReadAction\",\"target\":[\"https:\\\/\\\/loadless.be\\\/index.php\\\/inktober-2025\\\/\"]}]},{\"@type\":\"ImageObject\",\"inLanguage\":\"en-US\",\"@id\":\"https:\\\/\\\/loadless.be\\\/index.php\\\/inktober-2025\\\/#primaryimage\",\"url\":\"https:\\\/\\\/loadless.be\\\/wp-content\\\/uploads\\\/2025\\\/12\\\/ink-25-blanket.jpg\",\"contentUrl\":\"https:\\\/\\\/loadless.be\\\/wp-content\\\/uploads\\\/2025\\\/12\\\/ink-25-blanket.jpg\",\"width\":1436,\"height\":1902},{\"@type\":\"BreadcrumbList\",\"@id\":\"https:\\\/\\\/loadless.be\\\/index.php\\\/inktober-2025\\\/#breadcrumb\",\"itemListElement\":[{\"@type\":\"ListItem\",\"position\":1,\"name\":\"Home\",\"item\":\"https:\\\/\\\/loadless.be\\\/\"},{\"@type\":\"ListItem\",\"position\":2,\"name\":\"Inktober 2025\"}]},{\"@type\":\"WebSite\",\"@id\":\"https:\\\/\\\/loadless.be\\\/#website\",\"url\":\"https:\\\/\\\/loadless.be\\\/\",\"name\":\"loadless\",\"description\":\"Illustration and cozy graphic design\",\"potentialAction\":[{\"@type\":\"SearchAction\",\"target\":{\"@type\":\"EntryPoint\",\"urlTemplate\":\"https:\\\/\\\/loadless.be\\\/?s={search_term_string}\"},\"query-input\":{\"@type\":\"PropertyValueSpecification\",\"valueRequired\":true,\"valueName\":\"search_term_string\"}}],\"inLanguage\":\"en-US\"}]}<\/script>\n<!-- \/ Yoast SEO plugin. -->","yoast_head_json":{"title":"Inktober 2025 - loadless","robots":{"index":"index","follow":"follow","max-snippet":"max-snippet:-1","max-image-preview":"max-image-preview:large","max-video-preview":"max-video-preview:-1"},"canonical":"https:\/\/loadless.be\/index.php\/inktober-2025\/","og_locale":"en_US","og_type":"article","og_title":"Inktober 2025 - loadless","og_description":"A colorful year This year for inktober illustration challenge, I left ink aside and picked the watercolors. I wanted to explore more complex compositions full of details,patterns and textures. Adding whimsy and cozy to the cauldron I brewed a series of comforting and war illustrations. Some of which ended up in 2026 calendar. Cette ann\u00e9e [&hellip;]","og_url":"https:\/\/loadless.be\/index.php\/inktober-2025\/","og_site_name":"loadless","article_modified_time":"2025-12-03T20:03:53+00:00","og_image":[{"width":1436,"height":1902,"url":"https:\/\/loadless.be\/wp-content\/uploads\/2025\/12\/ink-25-blanket.jpg","type":"image\/jpeg"}],"twitter_card":"summary_large_image","twitter_misc":{"Est. reading time":"3 minutes"},"schema":{"@context":"https:\/\/schema.org","@graph":[{"@type":"WebPage","@id":"https:\/\/loadless.be\/index.php\/inktober-2025\/","url":"https:\/\/loadless.be\/index.php\/inktober-2025\/","name":"Inktober 2025 - loadless","isPartOf":{"@id":"https:\/\/loadless.be\/#website"},"primaryImageOfPage":{"@id":"https:\/\/loadless.be\/index.php\/inktober-2025\/#primaryimage"},"image":{"@id":"https:\/\/loadless.be\/index.php\/inktober-2025\/#primaryimage"},"thumbnailUrl":"https:\/\/loadless.be\/wp-content\/uploads\/2025\/12\/ink-25-blanket-773x1024.jpg","datePublished":"2025-12-03T20:03:52+00:00","dateModified":"2025-12-03T20:03:53+00:00","breadcrumb":{"@id":"https:\/\/loadless.be\/index.php\/inktober-2025\/#breadcrumb"},"inLanguage":"en-US","potentialAction":[{"@type":"ReadAction","target":["https:\/\/loadless.be\/index.php\/inktober-2025\/"]}]},{"@type":"ImageObject","inLanguage":"en-US","@id":"https:\/\/loadless.be\/index.php\/inktober-2025\/#primaryimage","url":"https:\/\/loadless.be\/wp-content\/uploads\/2025\/12\/ink-25-blanket.jpg","contentUrl":"https:\/\/loadless.be\/wp-content\/uploads\/2025\/12\/ink-25-blanket.jpg","width":1436,"height":1902},{"@type":"BreadcrumbList","@id":"https:\/\/loadless.be\/index.php\/inktober-2025\/#breadcrumb","itemListElement":[{"@type":"ListItem","position":1,"name":"Home","item":"https:\/\/loadless.be\/"},{"@type":"ListItem","position":2,"name":"Inktober 2025"}]},{"@type":"WebSite","@id":"https:\/\/loadless.be\/#website","url":"https:\/\/loadless.be\/","name":"loadless","description":"Illustration and cozy graphic design","potentialAction":[{"@type":"SearchAction","target":{"@type":"EntryPoint","urlTemplate":"https:\/\/loadless.be\/?s={search_term_string}"},"query-input":{"@type":"PropertyValueSpecification","valueRequired":true,"valueName":"search_term_string"}}],"inLanguage":"en-US"}]}},"_links":{"self":[{"href":"https:\/\/loadless.be\/index.php\/wp-json\/wp\/v2\/pages\/371","targetHints":{"allow":["GET"]}}],"collection":[{"href":"https:\/\/loadless.be\/index.php\/wp-json\/wp\/v2\/pages"}],"about":[{"href":"https:\/\/loadless.be\/index.php\/wp-json\/wp\/v2\/types\/page"}],"author":[{"embeddable":true,"href":"https:\/\/loadless.be\/index.php\/wp-json\/wp\/v2\/users\/1"}],"replies":[{"embeddable":true,"href":"https:\/\/loadless.be\/index.php\/wp-json\/wp\/v2\/comments?post=371"}],"version-history":[{"count":1,"href":"https:\/\/loadless.be\/index.php\/wp-json\/wp\/v2\/pages\/371\/revisions"}],"predecessor-version":[{"id":400,"href":"https:\/\/loadless.be\/index.php\/wp-json\/wp\/v2\/pages\/371\/revisions\/400"}],"wp:attachment":[{"href":"https:\/\/loadless.be\/index.php\/wp-json\/wp\/v2\/media?parent=371"}],"curies":[{"name":"wp","href":"https:\/\/api.w.org\/{rel}","templated":true}]}}