{"id":541,"date":"2026-05-13T15:12:26","date_gmt":"2026-05-13T14:12:26","guid":{"rendered":"https:\/\/loadless.be\/?page_id=541"},"modified":"2026-05-13T17:16:59","modified_gmt":"2026-05-13T16:16:59","slug":"2018-lost-child","status":"publish","type":"page","link":"https:\/\/loadless.be\/index.php\/2018-lost-child\/","title":{"rendered":"A Lost child in a Poppy field ."},"content":{"rendered":"\n<div class=\"wp-block-cover alignfull has-custom-content-position is-position-bottom-center\" style=\"margin-top:0;margin-bottom:0;padding-top:var(--wp--preset--spacing--50);padding-right:var(--wp--preset--spacing--50);padding-bottom:var(--wp--preset--spacing--50);padding-left:var(--wp--preset--spacing--50);min-height:478px;aspect-ratio:unset;\"><img loading=\"lazy\" decoding=\"async\" width=\"1024\" height=\"680\" class=\"wp-block-cover__image-background wp-image-544 size-large\" alt=\"\" src=\"https:\/\/loadless.be\/wp-content\/uploads\/2026\/05\/DSC_0999-1024x680.jpg\" style=\"object-position:54% 18%\" data-object-fit=\"cover\" data-object-position=\"54% 18%\" srcset=\"https:\/\/loadless.be\/wp-content\/uploads\/2026\/05\/DSC_0999-1024x680.jpg 1024w, https:\/\/loadless.be\/wp-content\/uploads\/2026\/05\/DSC_0999-300x199.jpg 300w, https:\/\/loadless.be\/wp-content\/uploads\/2026\/05\/DSC_0999-768x510.jpg 768w, https:\/\/loadless.be\/wp-content\/uploads\/2026\/05\/DSC_0999-1536x1020.jpg 1536w, https:\/\/loadless.be\/wp-content\/uploads\/2026\/05\/DSC_0999-2048x1360.jpg 2048w\" sizes=\"auto, (max-width: 1024px) 100vw, 1024px\" \/><span aria-hidden=\"true\" class=\"wp-block-cover__background has-background-dim-10 has-background-dim\"><\/span><div class=\"wp-block-cover__inner-container has-global-padding is-layout-constrained wp-container-core-cover-is-layout-d89aad35 wp-block-cover-is-layout-constrained\">\n<div class=\"wp-block-group alignwide has-global-padding is-content-justification-left is-layout-constrained wp-container-core-group-is-layout-12dd3699 wp-block-group-is-layout-constrained\">\n<p><\/p>\n<\/div>\n<\/div><\/div>\n\n\n\n<div class=\"wp-block-group alignfull is-style-section-5 has-global-padding is-layout-constrained wp-block-group-is-layout-constrained is-style-section-5--1\" style=\"margin-top:0;margin-bottom:0;padding-top:var(--wp--preset--spacing--50);padding-bottom:var(--wp--preset--spacing--50)\">\n<div class=\"wp-block-columns alignwide is-layout-flex wp-container-core-columns-is-layout-7ee84d44 wp-block-columns-is-layout-flex\">\n<div class=\"wp-block-column is-vertically-aligned-center is-layout-flow wp-block-column-is-layout-flow\" style=\"flex-basis:50%\">\n<h2 class=\"wp-block-heading has-text-align-center\">The story &#8211; L&#8217;histoire<\/h2>\n\n\n\n<p class=\"has-text-align-center has-medium-font-size\">EN-<br>A nameless child awake in a mysterious poppy field. They go on their way through strange lands, looking for meaning and meeting various people inhabiting this world. Some are allies while other are too scary to approach. Fortunately the child is not alone, a black cat seem to tag along the journey, sometime a protector, other a cruel witness of the child struggles.<br><br>FR-<br>Un enfant sans nom s&#8217;\u00e9veille dans un myst\u00e9rieux champs de coquelicots. Chemin faisant, l&#8217;enfant part a la d\u00e9couverte de ces \u00e9tranges contr\u00e9es en qu\u00eate de sens, rencontrant des alli\u00e9.e.s mais aussi des \u00eatres bien trop \u00e9ffrayants pour \u00eatre approch\u00e9s. Heureusement l&#8217;enfant n&#8217;est pas tout \u00e0 fait seul, un chat noir semble le suivre. Parfois protecteur, d&#8217;autre fois t\u00e9moin cruel des ses aventures.<br> <\/p>\n<\/div>\n\n\n\n<div class=\"wp-block-column is-vertically-aligned-center is-layout-flow wp-block-column-is-layout-flow\" style=\"flex-basis:50%\">\n<figure class=\"wp-block-image size-full\"><img loading=\"lazy\" decoding=\"async\" width=\"2560\" height=\"1700\" src=\"https:\/\/loadless.be\/wp-content\/uploads\/2026\/05\/DSC_1085-scaled.jpg\" alt=\"\" class=\"wp-image-545\" style=\"aspect-ratio:4\/3;object-fit:cover\" srcset=\"https:\/\/loadless.be\/wp-content\/uploads\/2026\/05\/DSC_1085-scaled.jpg 2560w, https:\/\/loadless.be\/wp-content\/uploads\/2026\/05\/DSC_1085-300x199.jpg 300w, https:\/\/loadless.be\/wp-content\/uploads\/2026\/05\/DSC_1085-1024x680.jpg 1024w, https:\/\/loadless.be\/wp-content\/uploads\/2026\/05\/DSC_1085-768x510.jpg 768w, https:\/\/loadless.be\/wp-content\/uploads\/2026\/05\/DSC_1085-1536x1020.jpg 1536w, https:\/\/loadless.be\/wp-content\/uploads\/2026\/05\/DSC_1085-2048x1360.jpg 2048w\" sizes=\"auto, (max-width: 2560px) 100vw, 2560px\" \/><\/figure>\n<\/div>\n<\/div>\n<\/div>\n\n\n\n<div class=\"wp-block-group alignfull is-style-default has-global-padding is-layout-constrained wp-container-core-group-is-layout-0572cfbb wp-block-group-is-layout-constrained\" style=\"border-top-left-radius:0px;border-top-right-radius:0px;border-bottom-left-radius:0px;border-bottom-right-radius:0px;min-height:0px;margin-top:0;margin-bottom:0;padding-top:var(--wp--preset--spacing--30);padding-right:0;padding-bottom:var(--wp--preset--spacing--30);padding-left:0\">\n<figure class=\"wp-block-image size-full has-custom-border is-style-default\" style=\"margin-top:var(--wp--preset--spacing--40);margin-right:0;margin-bottom:var(--wp--preset--spacing--40);margin-left:0\"><img loading=\"lazy\" decoding=\"async\" width=\"1000\" height=\"749\" src=\"https:\/\/loadless.be\/wp-content\/uploads\/2026\/05\/inktober-31.jpg\" alt=\"\" class=\"wp-image-566\" style=\"border-style:none;border-width:0px;border-top-left-radius:0px;border-top-right-radius:0px;border-bottom-left-radius:0px;border-bottom-right-radius:0px;aspect-ratio:1.5;object-fit:cover\" srcset=\"https:\/\/loadless.be\/wp-content\/uploads\/2026\/05\/inktober-31.jpg 1000w, https:\/\/loadless.be\/wp-content\/uploads\/2026\/05\/inktober-31-300x225.jpg 300w, https:\/\/loadless.be\/wp-content\/uploads\/2026\/05\/inktober-31-768x575.jpg 768w\" sizes=\"auto, (max-width: 1000px) 100vw, 1000px\" \/><\/figure>\n<\/div>\n\n\n\n<div class=\"wp-block-group alignfull has-global-padding is-layout-constrained wp-block-group-is-layout-constrained\" style=\"margin-top:0;margin-bottom:0\">\n<div class=\"wp-block-group alignwide is-style-default has-medium-font-size is-layout-grid wp-container-core-group-is-layout-2a7f6cb3 wp-block-group-is-layout-grid\" style=\"padding-top:var(--wp--preset--spacing--20);padding-right:var(--wp--preset--spacing--60);padding-bottom:var(--wp--preset--spacing--20);padding-left:var(--wp--preset--spacing--60)\">\n<div class=\"wp-block-group is-vertical is-content-justification-stretch is-nowrap is-layout-flex wp-container-core-group-is-layout-627337ab wp-block-group-is-layout-flex\">\n<div class=\"wp-block-group is-vertical is-content-justification-left is-layout-flex wp-container-core-group-is-layout-dd225191 wp-block-group-is-layout-flex\">\n<h2 class=\"wp-block-heading is-style-text-annotation is-style-text-annotation--2\">EN<\/h2>\n\n\n\n<p class=\"is-style-text-subtitle has-medium-font-size is-style-text-subtitle--3\">Here I felt like tackling something more complex and detailed. I used this project to explore not only the narrative borders of a world between dreams and &#8220;the afterlife&#8221; but also add carefully curated symbolism in my pictures. The project was made using traditional ink stick to make various layers of wash, and sometimes a hint of color ink.<\/p>\n<\/div>\n\n\n\n<figure class=\"wp-block-image size-full\"><img loading=\"lazy\" decoding=\"async\" width=\"1000\" height=\"705\" src=\"https:\/\/loadless.be\/wp-content\/uploads\/2026\/05\/inktober-01.jpg\" alt=\"\" class=\"wp-image-549\" style=\"object-fit:cover\" srcset=\"https:\/\/loadless.be\/wp-content\/uploads\/2026\/05\/inktober-01.jpg 1000w, https:\/\/loadless.be\/wp-content\/uploads\/2026\/05\/inktober-01-300x212.jpg 300w, https:\/\/loadless.be\/wp-content\/uploads\/2026\/05\/inktober-01-768x541.jpg 768w\" sizes=\"auto, (max-width: 1000px) 100vw, 1000px\" \/><\/figure>\n<\/div>\n\n\n\n<div class=\"wp-block-group is-vertical is-content-justification-stretch is-nowrap is-layout-flex wp-container-core-group-is-layout-627337ab wp-block-group-is-layout-flex\">\n<div class=\"wp-block-group is-vertical is-content-justification-left is-layout-flex wp-container-core-group-is-layout-dd225191 wp-block-group-is-layout-flex\">\n<h2 class=\"wp-block-heading is-style-text-annotation is-style-text-annotation--4\">FR<\/h2>\n\n\n\n<p class=\"is-style-text-subtitle has-medium-font-size is-style-text-subtitle--5\">Avec ce projet je voulais essayer quelque chose de plus d\u00e9taill\u00e9. Il m&#8217;a servi de terrain de recherche narratif et m&#8217;a permis de dessiner les contours d&#8217;un monde entre r\u00eave et &#8220;au-del\u00e0&#8221;en y int\u00e9grant du symbolisme plus pouss\u00e9. Ce projet \u00e0 \u00e9t\u00e9 fait principalement \u00e0 l&#8217;encre de chine utilis\u00e9 en lavis superpos\u00e9s avec, parfois, une touche de couleur.<\/p>\n<\/div>\n\n\n\n<figure class=\"wp-block-image size-full\"><img loading=\"lazy\" decoding=\"async\" width=\"1000\" height=\"701\" src=\"https:\/\/loadless.be\/wp-content\/uploads\/2026\/05\/Inktober-02.jpg\" alt=\"\" class=\"wp-image-547\" style=\"object-fit:cover\" srcset=\"https:\/\/loadless.be\/wp-content\/uploads\/2026\/05\/Inktober-02.jpg 1000w, https:\/\/loadless.be\/wp-content\/uploads\/2026\/05\/Inktober-02-300x210.jpg 300w, https:\/\/loadless.be\/wp-content\/uploads\/2026\/05\/Inktober-02-768x538.jpg 768w\" sizes=\"auto, (max-width: 1000px) 100vw, 1000px\" \/><\/figure>\n<\/div>\n\n\n\n<figure class=\"wp-block-image size-full wp-container-content-5fd69529\"><img loading=\"lazy\" decoding=\"async\" width=\"1000\" height=\"740\" src=\"https:\/\/loadless.be\/wp-content\/uploads\/2026\/05\/Inktober-03.jpg\" alt=\"\" class=\"wp-image-552\" style=\"aspect-ratio:4\/3;object-fit:cover\" srcset=\"https:\/\/loadless.be\/wp-content\/uploads\/2026\/05\/Inktober-03.jpg 1000w, https:\/\/loadless.be\/wp-content\/uploads\/2026\/05\/Inktober-03-300x222.jpg 300w, https:\/\/loadless.be\/wp-content\/uploads\/2026\/05\/Inktober-03-768x568.jpg 768w\" sizes=\"auto, (max-width: 1000px) 100vw, 1000px\" \/><\/figure>\n\n\n\n<figure class=\"wp-block-image size-full\"><img loading=\"lazy\" decoding=\"async\" width=\"1000\" height=\"727\" src=\"https:\/\/loadless.be\/wp-content\/uploads\/2026\/05\/Inktober-07.jpg\" alt=\"\" class=\"wp-image-553\" style=\"aspect-ratio:4\/3;object-fit:cover\" srcset=\"https:\/\/loadless.be\/wp-content\/uploads\/2026\/05\/Inktober-07.jpg 1000w, https:\/\/loadless.be\/wp-content\/uploads\/2026\/05\/Inktober-07-300x218.jpg 300w, https:\/\/loadless.be\/wp-content\/uploads\/2026\/05\/Inktober-07-768x558.jpg 768w\" sizes=\"auto, (max-width: 1000px) 100vw, 1000px\" \/><\/figure>\n\n\n\n<figure class=\"wp-block-image size-full\"><img loading=\"lazy\" decoding=\"async\" width=\"1895\" height=\"2560\" src=\"https:\/\/loadless.be\/wp-content\/uploads\/2026\/05\/SCAN0561-scaled.jpg\" alt=\"\" class=\"wp-image-556\" style=\"object-fit:cover\" srcset=\"https:\/\/loadless.be\/wp-content\/uploads\/2026\/05\/SCAN0561-scaled.jpg 1895w, https:\/\/loadless.be\/wp-content\/uploads\/2026\/05\/SCAN0561-222x300.jpg 222w, https:\/\/loadless.be\/wp-content\/uploads\/2026\/05\/SCAN0561-758x1024.jpg 758w, https:\/\/loadless.be\/wp-content\/uploads\/2026\/05\/SCAN0561-768x1037.jpg 768w, https:\/\/loadless.be\/wp-content\/uploads\/2026\/05\/SCAN0561-1137x1536.jpg 1137w, https:\/\/loadless.be\/wp-content\/uploads\/2026\/05\/SCAN0561-1516x2048.jpg 1516w\" sizes=\"auto, (max-width: 1895px) 100vw, 1895px\" \/><\/figure>\n\n\n\n<figure class=\"wp-block-image size-full\"><img loading=\"lazy\" decoding=\"async\" width=\"1889\" height=\"2560\" src=\"https:\/\/loadless.be\/wp-content\/uploads\/2026\/05\/SCAN0560-1-scaled.jpg\" alt=\"\" class=\"wp-image-555\" srcset=\"https:\/\/loadless.be\/wp-content\/uploads\/2026\/05\/SCAN0560-1-scaled.jpg 1889w, https:\/\/loadless.be\/wp-content\/uploads\/2026\/05\/SCAN0560-1-221x300.jpg 221w, https:\/\/loadless.be\/wp-content\/uploads\/2026\/05\/SCAN0560-1-756x1024.jpg 756w, https:\/\/loadless.be\/wp-content\/uploads\/2026\/05\/SCAN0560-1-768x1041.jpg 768w, https:\/\/loadless.be\/wp-content\/uploads\/2026\/05\/SCAN0560-1-1133x1536.jpg 1133w, https:\/\/loadless.be\/wp-content\/uploads\/2026\/05\/SCAN0560-1-1511x2048.jpg 1511w\" sizes=\"auto, (max-width: 1889px) 100vw, 1889px\" \/><\/figure>\n\n\n\n<figure class=\"wp-block-image size-full\"><img loading=\"lazy\" decoding=\"async\" width=\"1000\" height=\"766\" src=\"https:\/\/loadless.be\/wp-content\/uploads\/2026\/05\/inktober-25.jpg\" alt=\"\" class=\"wp-image-559\" srcset=\"https:\/\/loadless.be\/wp-content\/uploads\/2026\/05\/inktober-25.jpg 1000w, https:\/\/loadless.be\/wp-content\/uploads\/2026\/05\/inktober-25-300x230.jpg 300w, https:\/\/loadless.be\/wp-content\/uploads\/2026\/05\/inktober-25-768x588.jpg 768w\" sizes=\"auto, (max-width: 1000px) 100vw, 1000px\" \/><\/figure>\n\n\n\n<figure class=\"wp-block-image size-full\"><img loading=\"lazy\" decoding=\"async\" width=\"1000\" height=\"777\" src=\"https:\/\/loadless.be\/wp-content\/uploads\/2026\/05\/inktober-24.jpg\" alt=\"\" class=\"wp-image-560\" srcset=\"https:\/\/loadless.be\/wp-content\/uploads\/2026\/05\/inktober-24.jpg 1000w, https:\/\/loadless.be\/wp-content\/uploads\/2026\/05\/inktober-24-300x233.jpg 300w, https:\/\/loadless.be\/wp-content\/uploads\/2026\/05\/inktober-24-768x597.jpg 768w\" sizes=\"auto, (max-width: 1000px) 100vw, 1000px\" \/><\/figure>\n\n\n\n<figure class=\"wp-block-image size-full wp-container-content-5fd69529\"><img loading=\"lazy\" decoding=\"async\" width=\"1000\" height=\"791\" src=\"https:\/\/loadless.be\/wp-content\/uploads\/2026\/05\/inktober-30.jpg\" alt=\"\" class=\"wp-image-561\" srcset=\"https:\/\/loadless.be\/wp-content\/uploads\/2026\/05\/inktober-30.jpg 1000w, https:\/\/loadless.be\/wp-content\/uploads\/2026\/05\/inktober-30-300x237.jpg 300w, https:\/\/loadless.be\/wp-content\/uploads\/2026\/05\/inktober-30-768x607.jpg 768w\" sizes=\"auto, (max-width: 1000px) 100vw, 1000px\" \/><\/figure>\n\n\n\n<figure class=\"wp-block-image size-large\"><img loading=\"lazy\" decoding=\"async\" width=\"1024\" height=\"751\" src=\"https:\/\/loadless.be\/wp-content\/uploads\/2026\/05\/SCAN0563-1024x751.jpg\" alt=\"\" class=\"wp-image-558\" srcset=\"https:\/\/loadless.be\/wp-content\/uploads\/2026\/05\/SCAN0563-1024x751.jpg 1024w, https:\/\/loadless.be\/wp-content\/uploads\/2026\/05\/SCAN0563-300x220.jpg 300w, https:\/\/loadless.be\/wp-content\/uploads\/2026\/05\/SCAN0563-768x563.jpg 768w, https:\/\/loadless.be\/wp-content\/uploads\/2026\/05\/SCAN0563-1536x1126.jpg 1536w, https:\/\/loadless.be\/wp-content\/uploads\/2026\/05\/SCAN0563-2048x1501.jpg 2048w\" sizes=\"auto, (max-width: 1024px) 100vw, 1024px\" \/><\/figure>\n<\/div>\n<\/div>\n\n\n\n<div class=\"wp-block-columns are-vertically-aligned-center is-layout-flex wp-container-core-columns-is-layout-28f84493 wp-block-columns-is-layout-flex\">\n<div class=\"wp-block-column is-vertically-aligned-center is-layout-flow wp-block-column-is-layout-flow\" style=\"flex-basis:100%\">\n<div class=\"wp-block-buttons is-content-justification-center is-layout-flex wp-container-core-buttons-is-layout-ccccae50 wp-block-buttons-is-layout-flex\" style=\"padding-top:var(--wp--preset--spacing--50);padding-bottom:var(--wp--preset--spacing--50)\">\n<div class=\"wp-block-button\"><a class=\"wp-block-button__link wp-element-button\" href=\"https:\/\/loadless.be\/\">Back to illustration<\/a><\/div>\n<\/div>\n<\/div>\n<\/div>\n\n\n\n<p><\/p>\n","protected":false},"excerpt":{"rendered":"<p>The story &#8211; L&#8217;histoire EN-A nameless child awake in a mysterious poppy field. They go on their way through strange lands, looking for meaning and meeting various people inhabiting this world. Some are allies while other are too scary to approach. Fortunately the child is not alone, a black cat seem to tag along the [&hellip;]<\/p>\n","protected":false},"author":1,"featured_media":0,"parent":0,"menu_order":0,"comment_status":"closed","ping_status":"closed","template":"","meta":{"footnotes":""},"class_list":["post-541","page","type-page","status-publish","hentry"],"yoast_head":"<!-- This site is optimized with the Yoast SEO plugin v27.5 - https:\/\/yoast.com\/product\/yoast-seo-wordpress\/ -->\n<title>A Lost child in a Poppy field . - loadless<\/title>\n<meta name=\"robots\" content=\"index, follow, max-snippet:-1, max-image-preview:large, max-video-preview:-1\" \/>\n<link rel=\"canonical\" href=\"https:\/\/loadless.be\/index.php\/2018-lost-child\/\" \/>\n<meta property=\"og:locale\" content=\"en_US\" \/>\n<meta property=\"og:type\" content=\"article\" \/>\n<meta property=\"og:title\" content=\"A Lost child in a Poppy field . - loadless\" \/>\n<meta property=\"og:description\" content=\"The story &#8211; L&#8217;histoire EN-A nameless child awake in a mysterious poppy field. They go on their way through strange lands, looking for meaning and meeting various people inhabiting this world. Some are allies while other are too scary to approach. Fortunately the child is not alone, a black cat seem to tag along the [&hellip;]\" \/>\n<meta property=\"og:url\" content=\"https:\/\/loadless.be\/index.php\/2018-lost-child\/\" \/>\n<meta property=\"og:site_name\" content=\"loadless\" \/>\n<meta property=\"article:modified_time\" content=\"2026-05-13T16:16:59+00:00\" \/>\n<meta property=\"og:image\" content=\"https:\/\/loadless.be\/wp-content\/uploads\/2026\/05\/DSC_0999-scaled.jpg\" \/>\n\t<meta property=\"og:image:width\" content=\"2560\" \/>\n\t<meta property=\"og:image:height\" content=\"1700\" \/>\n\t<meta property=\"og:image:type\" content=\"image\/jpeg\" \/>\n<meta name=\"twitter:card\" content=\"summary_large_image\" \/>\n<meta name=\"twitter:label1\" content=\"Est. reading time\" \/>\n\t<meta name=\"twitter:data1\" content=\"4 minutes\" \/>\n<script type=\"application\/ld+json\" class=\"yoast-schema-graph\">{\"@context\":\"https:\\\/\\\/schema.org\",\"@graph\":[{\"@type\":\"WebPage\",\"@id\":\"https:\\\/\\\/loadless.be\\\/index.php\\\/2018-lost-child\\\/\",\"url\":\"https:\\\/\\\/loadless.be\\\/index.php\\\/2018-lost-child\\\/\",\"name\":\"A Lost child in a Poppy field . - loadless\",\"isPartOf\":{\"@id\":\"https:\\\/\\\/loadless.be\\\/#website\"},\"primaryImageOfPage\":{\"@id\":\"https:\\\/\\\/loadless.be\\\/index.php\\\/2018-lost-child\\\/#primaryimage\"},\"image\":{\"@id\":\"https:\\\/\\\/loadless.be\\\/index.php\\\/2018-lost-child\\\/#primaryimage\"},\"thumbnailUrl\":\"https:\\\/\\\/loadless.be\\\/wp-content\\\/uploads\\\/2026\\\/05\\\/DSC_0999-1024x680.jpg\",\"datePublished\":\"2026-05-13T14:12:26+00:00\",\"dateModified\":\"2026-05-13T16:16:59+00:00\",\"breadcrumb\":{\"@id\":\"https:\\\/\\\/loadless.be\\\/index.php\\\/2018-lost-child\\\/#breadcrumb\"},\"inLanguage\":\"en-US\",\"potentialAction\":[{\"@type\":\"ReadAction\",\"target\":[\"https:\\\/\\\/loadless.be\\\/index.php\\\/2018-lost-child\\\/\"]}]},{\"@type\":\"ImageObject\",\"inLanguage\":\"en-US\",\"@id\":\"https:\\\/\\\/loadless.be\\\/index.php\\\/2018-lost-child\\\/#primaryimage\",\"url\":\"https:\\\/\\\/loadless.be\\\/wp-content\\\/uploads\\\/2026\\\/05\\\/DSC_0999-scaled.jpg\",\"contentUrl\":\"https:\\\/\\\/loadless.be\\\/wp-content\\\/uploads\\\/2026\\\/05\\\/DSC_0999-scaled.jpg\",\"width\":2560,\"height\":1700},{\"@type\":\"BreadcrumbList\",\"@id\":\"https:\\\/\\\/loadless.be\\\/index.php\\\/2018-lost-child\\\/#breadcrumb\",\"itemListElement\":[{\"@type\":\"ListItem\",\"position\":1,\"name\":\"Home\",\"item\":\"https:\\\/\\\/loadless.be\\\/\"},{\"@type\":\"ListItem\",\"position\":2,\"name\":\"A Lost child in a Poppy field .\"}]},{\"@type\":\"WebSite\",\"@id\":\"https:\\\/\\\/loadless.be\\\/#website\",\"url\":\"https:\\\/\\\/loadless.be\\\/\",\"name\":\"loadless\",\"description\":\"Illustration and cozy graphic design\",\"potentialAction\":[{\"@type\":\"SearchAction\",\"target\":{\"@type\":\"EntryPoint\",\"urlTemplate\":\"https:\\\/\\\/loadless.be\\\/?s={search_term_string}\"},\"query-input\":{\"@type\":\"PropertyValueSpecification\",\"valueRequired\":true,\"valueName\":\"search_term_string\"}}],\"inLanguage\":\"en-US\"}]}<\/script>\n<!-- \/ Yoast SEO plugin. -->","yoast_head_json":{"title":"A Lost child in a Poppy field . - loadless","robots":{"index":"index","follow":"follow","max-snippet":"max-snippet:-1","max-image-preview":"max-image-preview:large","max-video-preview":"max-video-preview:-1"},"canonical":"https:\/\/loadless.be\/index.php\/2018-lost-child\/","og_locale":"en_US","og_type":"article","og_title":"A Lost child in a Poppy field . - loadless","og_description":"The story &#8211; L&#8217;histoire EN-A nameless child awake in a mysterious poppy field. They go on their way through strange lands, looking for meaning and meeting various people inhabiting this world. Some are allies while other are too scary to approach. Fortunately the child is not alone, a black cat seem to tag along the [&hellip;]","og_url":"https:\/\/loadless.be\/index.php\/2018-lost-child\/","og_site_name":"loadless","article_modified_time":"2026-05-13T16:16:59+00:00","og_image":[{"width":2560,"height":1700,"url":"https:\/\/loadless.be\/wp-content\/uploads\/2026\/05\/DSC_0999-scaled.jpg","type":"image\/jpeg"}],"twitter_card":"summary_large_image","twitter_misc":{"Est. reading time":"4 minutes"},"schema":{"@context":"https:\/\/schema.org","@graph":[{"@type":"WebPage","@id":"https:\/\/loadless.be\/index.php\/2018-lost-child\/","url":"https:\/\/loadless.be\/index.php\/2018-lost-child\/","name":"A Lost child in a Poppy field . - loadless","isPartOf":{"@id":"https:\/\/loadless.be\/#website"},"primaryImageOfPage":{"@id":"https:\/\/loadless.be\/index.php\/2018-lost-child\/#primaryimage"},"image":{"@id":"https:\/\/loadless.be\/index.php\/2018-lost-child\/#primaryimage"},"thumbnailUrl":"https:\/\/loadless.be\/wp-content\/uploads\/2026\/05\/DSC_0999-1024x680.jpg","datePublished":"2026-05-13T14:12:26+00:00","dateModified":"2026-05-13T16:16:59+00:00","breadcrumb":{"@id":"https:\/\/loadless.be\/index.php\/2018-lost-child\/#breadcrumb"},"inLanguage":"en-US","potentialAction":[{"@type":"ReadAction","target":["https:\/\/loadless.be\/index.php\/2018-lost-child\/"]}]},{"@type":"ImageObject","inLanguage":"en-US","@id":"https:\/\/loadless.be\/index.php\/2018-lost-child\/#primaryimage","url":"https:\/\/loadless.be\/wp-content\/uploads\/2026\/05\/DSC_0999-scaled.jpg","contentUrl":"https:\/\/loadless.be\/wp-content\/uploads\/2026\/05\/DSC_0999-scaled.jpg","width":2560,"height":1700},{"@type":"BreadcrumbList","@id":"https:\/\/loadless.be\/index.php\/2018-lost-child\/#breadcrumb","itemListElement":[{"@type":"ListItem","position":1,"name":"Home","item":"https:\/\/loadless.be\/"},{"@type":"ListItem","position":2,"name":"A Lost child in a Poppy field ."}]},{"@type":"WebSite","@id":"https:\/\/loadless.be\/#website","url":"https:\/\/loadless.be\/","name":"loadless","description":"Illustration and cozy graphic design","potentialAction":[{"@type":"SearchAction","target":{"@type":"EntryPoint","urlTemplate":"https:\/\/loadless.be\/?s={search_term_string}"},"query-input":{"@type":"PropertyValueSpecification","valueRequired":true,"valueName":"search_term_string"}}],"inLanguage":"en-US"}]}},"_links":{"self":[{"href":"https:\/\/loadless.be\/index.php\/wp-json\/wp\/v2\/pages\/541","targetHints":{"allow":["GET"]}}],"collection":[{"href":"https:\/\/loadless.be\/index.php\/wp-json\/wp\/v2\/pages"}],"about":[{"href":"https:\/\/loadless.be\/index.php\/wp-json\/wp\/v2\/types\/page"}],"author":[{"embeddable":true,"href":"https:\/\/loadless.be\/index.php\/wp-json\/wp\/v2\/users\/1"}],"replies":[{"embeddable":true,"href":"https:\/\/loadless.be\/index.php\/wp-json\/wp\/v2\/comments?post=541"}],"version-history":[{"count":6,"href":"https:\/\/loadless.be\/index.php\/wp-json\/wp\/v2\/pages\/541\/revisions"}],"predecessor-version":[{"id":571,"href":"https:\/\/loadless.be\/index.php\/wp-json\/wp\/v2\/pages\/541\/revisions\/571"}],"wp:attachment":[{"href":"https:\/\/loadless.be\/index.php\/wp-json\/wp\/v2\/media?parent=541"}],"curies":[{"name":"wp","href":"https:\/\/api.w.org\/{rel}","templated":true}]}}