{"id":76,"date":"2024-11-28T20:28:30","date_gmt":"2024-11-28T19:28:30","guid":{"rendered":"https:\/\/loadless.be\/?page_id=76"},"modified":"2024-11-28T20:28:30","modified_gmt":"2024-11-28T19:28:30","slug":"sketchbook","status":"publish","type":"page","link":"https:\/\/loadless.be\/index.php\/illustration\/sketchbook\/","title":{"rendered":"SketchBook"},"content":{"rendered":"\n<div class=\"wp-block-group alignfull has-global-padding is-layout-constrained wp-block-group-is-layout-constrained\" style=\"margin-top:0;margin-bottom:0;padding-top:var(--wp--preset--spacing--50);padding-bottom:var(--wp--preset--spacing--50)\">\n<p>The practice of sketching is quite central in my work. I sketch to search as much as to find. Movement, colors, ideas, concept. A mindless doodle can be the start of a big piece or just a nice output for harder days.<br><br>La pratique du croquis est assez central dans mon travail. Je croque pour chercher autant que pour trouver. Des mouvements, des couleurs, des id\u00e9s et concepts&#8230; <br>Un croquis irrefl\u00e9chit peut \u00eatre le d\u00e9but d&#8217;un projet ou tout simplement un antidote pour les mauvais jours.<\/p>\n<\/div>\n\n\n\n<div class=\"wp-block-group alignfull has-global-padding is-layout-constrained wp-block-group-is-layout-constrained\" style=\"margin-top:0;margin-bottom:0;padding-top:var(--wp--preset--spacing--50);padding-bottom:var(--wp--preset--spacing--50)\">\n<div class=\"wp-block-group alignwide is-style-default is-layout-grid wp-container-core-group-is-layout-384026a5 wp-block-group-is-layout-grid\" style=\"padding-top:0;padding-bottom:0\">\n<figure class=\"wp-block-image size-full\"><img loading=\"lazy\" decoding=\"async\" width=\"720\" height=\"720\" src=\"https:\/\/loadless.be\/wp-content\/uploads\/2024\/11\/AHUF7985-1.jpg\" alt=\"\" class=\"wp-image-79\" style=\"aspect-ratio:1;object-fit:cover\" srcset=\"https:\/\/loadless.be\/wp-content\/uploads\/2024\/11\/AHUF7985-1.jpg 720w, https:\/\/loadless.be\/wp-content\/uploads\/2024\/11\/AHUF7985-1-300x300.jpg 300w, https:\/\/loadless.be\/wp-content\/uploads\/2024\/11\/AHUF7985-1-150x150.jpg 150w\" sizes=\"auto, (max-width: 720px) 100vw, 720px\" \/><\/figure>\n\n\n\n<figure class=\"wp-block-image size-full wp-container-content-574e1f9d\"><img loading=\"lazy\" decoding=\"async\" width=\"1000\" height=\"1000\" src=\"https:\/\/loadless.be\/wp-content\/uploads\/2024\/11\/Proud-02.jpg\" alt=\"\" class=\"wp-image-80\" style=\"aspect-ratio:1;object-fit:cover\" srcset=\"https:\/\/loadless.be\/wp-content\/uploads\/2024\/11\/Proud-02.jpg 1000w, https:\/\/loadless.be\/wp-content\/uploads\/2024\/11\/Proud-02-300x300.jpg 300w, https:\/\/loadless.be\/wp-content\/uploads\/2024\/11\/Proud-02-150x150.jpg 150w, https:\/\/loadless.be\/wp-content\/uploads\/2024\/11\/Proud-02-768x768.jpg 768w\" sizes=\"auto, (max-width: 1000px) 100vw, 1000px\" \/><\/figure>\n\n\n\n<figure class=\"wp-block-image size-full\"><img loading=\"lazy\" decoding=\"async\" width=\"1000\" height=\"1000\" src=\"https:\/\/loadless.be\/wp-content\/uploads\/2024\/11\/sketchbook-07.jpg\" alt=\"\" class=\"wp-image-81\" style=\"aspect-ratio:1;object-fit:cover\" srcset=\"https:\/\/loadless.be\/wp-content\/uploads\/2024\/11\/sketchbook-07.jpg 1000w, https:\/\/loadless.be\/wp-content\/uploads\/2024\/11\/sketchbook-07-300x300.jpg 300w, https:\/\/loadless.be\/wp-content\/uploads\/2024\/11\/sketchbook-07-150x150.jpg 150w, https:\/\/loadless.be\/wp-content\/uploads\/2024\/11\/sketchbook-07-768x768.jpg 768w\" sizes=\"auto, (max-width: 1000px) 100vw, 1000px\" \/><\/figure>\n\n\n\n<figure class=\"wp-block-image size-full\"><img loading=\"lazy\" decoding=\"async\" width=\"1000\" height=\"1000\" src=\"https:\/\/loadless.be\/wp-content\/uploads\/2024\/11\/Onward-01.jpg\" alt=\"\" class=\"wp-image-82\" style=\"aspect-ratio:1;object-fit:cover\" srcset=\"https:\/\/loadless.be\/wp-content\/uploads\/2024\/11\/Onward-01.jpg 1000w, https:\/\/loadless.be\/wp-content\/uploads\/2024\/11\/Onward-01-300x300.jpg 300w, https:\/\/loadless.be\/wp-content\/uploads\/2024\/11\/Onward-01-150x150.jpg 150w, https:\/\/loadless.be\/wp-content\/uploads\/2024\/11\/Onward-01-768x768.jpg 768w\" sizes=\"auto, (max-width: 1000px) 100vw, 1000px\" \/><\/figure>\n\n\n\n<figure class=\"wp-block-image size-full\"><img loading=\"lazy\" decoding=\"async\" width=\"1000\" height=\"1000\" src=\"https:\/\/loadless.be\/wp-content\/uploads\/2024\/11\/sketch00.jpg\" alt=\"\" class=\"wp-image-84\" style=\"aspect-ratio:1;object-fit:cover\" srcset=\"https:\/\/loadless.be\/wp-content\/uploads\/2024\/11\/sketch00.jpg 1000w, https:\/\/loadless.be\/wp-content\/uploads\/2024\/11\/sketch00-300x300.jpg 300w, https:\/\/loadless.be\/wp-content\/uploads\/2024\/11\/sketch00-150x150.jpg 150w, https:\/\/loadless.be\/wp-content\/uploads\/2024\/11\/sketch00-768x768.jpg 768w\" sizes=\"auto, (max-width: 1000px) 100vw, 1000px\" \/><\/figure>\n\n\n\n<figure class=\"wp-block-image size-full\"><img loading=\"lazy\" decoding=\"async\" width=\"1000\" height=\"1000\" src=\"https:\/\/loadless.be\/wp-content\/uploads\/2024\/11\/CozyDoodle-1.jpg\" alt=\"\" class=\"wp-image-83\" style=\"aspect-ratio:1;object-fit:cover\" srcset=\"https:\/\/loadless.be\/wp-content\/uploads\/2024\/11\/CozyDoodle-1.jpg 1000w, https:\/\/loadless.be\/wp-content\/uploads\/2024\/11\/CozyDoodle-1-300x300.jpg 300w, https:\/\/loadless.be\/wp-content\/uploads\/2024\/11\/CozyDoodle-1-150x150.jpg 150w, https:\/\/loadless.be\/wp-content\/uploads\/2024\/11\/CozyDoodle-1-768x768.jpg 768w\" sizes=\"auto, (max-width: 1000px) 100vw, 1000px\" \/><\/figure>\n\n\n\n<figure class=\"wp-block-image size-full\"><img loading=\"lazy\" decoding=\"async\" width=\"1000\" height=\"1019\" src=\"https:\/\/loadless.be\/wp-content\/uploads\/2024\/11\/fox-01.jpg\" alt=\"\" class=\"wp-image-85\" style=\"aspect-ratio:1;object-fit:cover\" srcset=\"https:\/\/loadless.be\/wp-content\/uploads\/2024\/11\/fox-01.jpg 1000w, https:\/\/loadless.be\/wp-content\/uploads\/2024\/11\/fox-01-294x300.jpg 294w, https:\/\/loadless.be\/wp-content\/uploads\/2024\/11\/fox-01-768x783.jpg 768w\" sizes=\"auto, (max-width: 1000px) 100vw, 1000px\" \/><\/figure>\n\n\n\n<figure class=\"wp-block-image size-full\"><img loading=\"lazy\" decoding=\"async\" width=\"1000\" height=\"1000\" src=\"https:\/\/loadless.be\/wp-content\/uploads\/2024\/11\/Badgers.jpg\" alt=\"\" class=\"wp-image-86\" srcset=\"https:\/\/loadless.be\/wp-content\/uploads\/2024\/11\/Badgers.jpg 1000w, https:\/\/loadless.be\/wp-content\/uploads\/2024\/11\/Badgers-300x300.jpg 300w, https:\/\/loadless.be\/wp-content\/uploads\/2024\/11\/Badgers-150x150.jpg 150w, https:\/\/loadless.be\/wp-content\/uploads\/2024\/11\/Badgers-768x768.jpg 768w\" sizes=\"auto, (max-width: 1000px) 100vw, 1000px\" \/><\/figure>\n\n\n\n<figure class=\"wp-block-image size-full wp-container-content-574e1f9d\"><img loading=\"lazy\" decoding=\"async\" width=\"1000\" height=\"1000\" src=\"https:\/\/loadless.be\/wp-content\/uploads\/2024\/11\/sketchbook-01.jpg\" alt=\"\" class=\"wp-image-97\" srcset=\"https:\/\/loadless.be\/wp-content\/uploads\/2024\/11\/sketchbook-01.jpg 1000w, https:\/\/loadless.be\/wp-content\/uploads\/2024\/11\/sketchbook-01-300x300.jpg 300w, https:\/\/loadless.be\/wp-content\/uploads\/2024\/11\/sketchbook-01-150x150.jpg 150w, https:\/\/loadless.be\/wp-content\/uploads\/2024\/11\/sketchbook-01-768x768.jpg 768w\" sizes=\"auto, (max-width: 1000px) 100vw, 1000px\" \/><\/figure>\n\n\n\n<figure class=\"wp-block-image size-large\"><img loading=\"lazy\" decoding=\"async\" width=\"1024\" height=\"1024\" src=\"https:\/\/loadless.be\/wp-content\/uploads\/2024\/11\/ophelie-1024x1024.jpg\" alt=\"\" class=\"wp-image-89\" srcset=\"https:\/\/loadless.be\/wp-content\/uploads\/2024\/11\/ophelie-1024x1024.jpg 1024w, https:\/\/loadless.be\/wp-content\/uploads\/2024\/11\/ophelie-300x300.jpg 300w, https:\/\/loadless.be\/wp-content\/uploads\/2024\/11\/ophelie-150x150.jpg 150w, https:\/\/loadless.be\/wp-content\/uploads\/2024\/11\/ophelie-768x768.jpg 768w, https:\/\/loadless.be\/wp-content\/uploads\/2024\/11\/ophelie.jpg 1200w\" sizes=\"auto, (max-width: 1024px) 100vw, 1024px\" \/><\/figure>\n\n\n\n<figure class=\"wp-block-image size-full\"><img loading=\"lazy\" decoding=\"async\" width=\"1000\" height=\"997\" src=\"https:\/\/loadless.be\/wp-content\/uploads\/2024\/11\/winterdoodle02.jpg\" alt=\"\" class=\"wp-image-90\" srcset=\"https:\/\/loadless.be\/wp-content\/uploads\/2024\/11\/winterdoodle02.jpg 1000w, https:\/\/loadless.be\/wp-content\/uploads\/2024\/11\/winterdoodle02-300x300.jpg 300w, https:\/\/loadless.be\/wp-content\/uploads\/2024\/11\/winterdoodle02-150x150.jpg 150w, https:\/\/loadless.be\/wp-content\/uploads\/2024\/11\/winterdoodle02-768x766.jpg 768w\" sizes=\"auto, (max-width: 1000px) 100vw, 1000px\" \/><\/figure>\n\n\n\n<figure class=\"wp-block-image size-full\"><img loading=\"lazy\" decoding=\"async\" width=\"1000\" height=\"1008\" src=\"https:\/\/loadless.be\/wp-content\/uploads\/2024\/11\/Sketching-01.jpg\" alt=\"\" class=\"wp-image-91\" srcset=\"https:\/\/loadless.be\/wp-content\/uploads\/2024\/11\/Sketching-01.jpg 1000w, https:\/\/loadless.be\/wp-content\/uploads\/2024\/11\/Sketching-01-298x300.jpg 298w, https:\/\/loadless.be\/wp-content\/uploads\/2024\/11\/Sketching-01-150x150.jpg 150w, https:\/\/loadless.be\/wp-content\/uploads\/2024\/11\/Sketching-01-768x774.jpg 768w\" sizes=\"auto, (max-width: 1000px) 100vw, 1000px\" \/><\/figure>\n\n\n\n<figure class=\"wp-block-image size-full\"><img loading=\"lazy\" decoding=\"async\" width=\"1000\" height=\"1000\" src=\"https:\/\/loadless.be\/wp-content\/uploads\/2024\/11\/sketchbook-08.jpg\" alt=\"\" class=\"wp-image-92\" srcset=\"https:\/\/loadless.be\/wp-content\/uploads\/2024\/11\/sketchbook-08.jpg 1000w, https:\/\/loadless.be\/wp-content\/uploads\/2024\/11\/sketchbook-08-300x300.jpg 300w, https:\/\/loadless.be\/wp-content\/uploads\/2024\/11\/sketchbook-08-150x150.jpg 150w, https:\/\/loadless.be\/wp-content\/uploads\/2024\/11\/sketchbook-08-768x768.jpg 768w\" sizes=\"auto, (max-width: 1000px) 100vw, 1000px\" \/><\/figure>\n\n\n\n<figure class=\"wp-block-image size-large\"><img loading=\"lazy\" decoding=\"async\" width=\"1024\" height=\"1024\" src=\"https:\/\/loadless.be\/wp-content\/uploads\/2024\/11\/Vagabonde01-1024x1024.jpg\" alt=\"\" class=\"wp-image-94\" srcset=\"https:\/\/loadless.be\/wp-content\/uploads\/2024\/11\/Vagabonde01-1024x1024.jpg 1024w, https:\/\/loadless.be\/wp-content\/uploads\/2024\/11\/Vagabonde01-300x300.jpg 300w, https:\/\/loadless.be\/wp-content\/uploads\/2024\/11\/Vagabonde01-150x150.jpg 150w, https:\/\/loadless.be\/wp-content\/uploads\/2024\/11\/Vagabonde01-768x768.jpg 768w, https:\/\/loadless.be\/wp-content\/uploads\/2024\/11\/Vagabonde01.jpg 1424w\" sizes=\"auto, (max-width: 1024px) 100vw, 1024px\" \/><\/figure>\n\n\n\n<figure class=\"wp-block-image size-full\"><img loading=\"lazy\" decoding=\"async\" width=\"1000\" height=\"1000\" src=\"https:\/\/loadless.be\/wp-content\/uploads\/2024\/11\/windy-01.jpg\" alt=\"\" class=\"wp-image-95\" srcset=\"https:\/\/loadless.be\/wp-content\/uploads\/2024\/11\/windy-01.jpg 1000w, https:\/\/loadless.be\/wp-content\/uploads\/2024\/11\/windy-01-300x300.jpg 300w, https:\/\/loadless.be\/wp-content\/uploads\/2024\/11\/windy-01-150x150.jpg 150w, https:\/\/loadless.be\/wp-content\/uploads\/2024\/11\/windy-01-768x768.jpg 768w\" sizes=\"auto, (max-width: 1000px) 100vw, 1000px\" \/><\/figure>\n<\/div>\n<\/div>\n","protected":false},"excerpt":{"rendered":"<p>The practice of sketching is quite central in my work. I sketch to search as much as to find. Movement, colors, ideas, concept. A mindless doodle can be the start of a big piece or just a nice output for harder days. La pratique du croquis est assez central dans mon travail. Je croque pour [&hellip;]<\/p>\n","protected":false},"author":1,"featured_media":0,"parent":8,"menu_order":0,"comment_status":"closed","ping_status":"closed","template":"","meta":{"footnotes":""},"class_list":["post-76","page","type-page","status-publish","hentry"],"yoast_head":"<!-- This site is optimized with the Yoast SEO plugin v27.5 - https:\/\/yoast.com\/product\/yoast-seo-wordpress\/ -->\n<title>SketchBook - loadless<\/title>\n<meta name=\"robots\" content=\"index, follow, max-snippet:-1, max-image-preview:large, max-video-preview:-1\" \/>\n<link rel=\"canonical\" href=\"https:\/\/loadless.be\/index.php\/illustration\/sketchbook\/\" \/>\n<meta property=\"og:locale\" content=\"en_US\" \/>\n<meta property=\"og:type\" content=\"article\" \/>\n<meta property=\"og:title\" content=\"SketchBook - loadless\" \/>\n<meta property=\"og:description\" content=\"The practice of sketching is quite central in my work. I sketch to search as much as to find. Movement, colors, ideas, concept. A mindless doodle can be the start of a big piece or just a nice output for harder days. La pratique du croquis est assez central dans mon travail. Je croque pour [&hellip;]\" \/>\n<meta property=\"og:url\" content=\"https:\/\/loadless.be\/index.php\/illustration\/sketchbook\/\" \/>\n<meta property=\"og:site_name\" content=\"loadless\" \/>\n<meta property=\"og:image\" content=\"https:\/\/loadless.be\/wp-content\/uploads\/2024\/11\/AHUF7985-1.jpg\" \/>\n\t<meta property=\"og:image:width\" content=\"720\" \/>\n\t<meta property=\"og:image:height\" content=\"720\" \/>\n\t<meta property=\"og:image:type\" content=\"image\/jpeg\" \/>\n<meta name=\"twitter:card\" content=\"summary_large_image\" \/>\n<meta name=\"twitter:label1\" content=\"Est. reading time\" \/>\n\t<meta name=\"twitter:data1\" content=\"4 minutes\" \/>\n<script type=\"application\/ld+json\" class=\"yoast-schema-graph\">{\"@context\":\"https:\\\/\\\/schema.org\",\"@graph\":[{\"@type\":\"WebPage\",\"@id\":\"https:\\\/\\\/loadless.be\\\/index.php\\\/illustration\\\/sketchbook\\\/\",\"url\":\"https:\\\/\\\/loadless.be\\\/index.php\\\/illustration\\\/sketchbook\\\/\",\"name\":\"SketchBook - loadless\",\"isPartOf\":{\"@id\":\"https:\\\/\\\/loadless.be\\\/#website\"},\"primaryImageOfPage\":{\"@id\":\"https:\\\/\\\/loadless.be\\\/index.php\\\/illustration\\\/sketchbook\\\/#primaryimage\"},\"image\":{\"@id\":\"https:\\\/\\\/loadless.be\\\/index.php\\\/illustration\\\/sketchbook\\\/#primaryimage\"},\"thumbnailUrl\":\"https:\\\/\\\/loadless.be\\\/wp-content\\\/uploads\\\/2024\\\/11\\\/AHUF7985-1.jpg\",\"datePublished\":\"2024-11-28T19:28:30+00:00\",\"breadcrumb\":{\"@id\":\"https:\\\/\\\/loadless.be\\\/index.php\\\/illustration\\\/sketchbook\\\/#breadcrumb\"},\"inLanguage\":\"en-US\",\"potentialAction\":[{\"@type\":\"ReadAction\",\"target\":[\"https:\\\/\\\/loadless.be\\\/index.php\\\/illustration\\\/sketchbook\\\/\"]}]},{\"@type\":\"ImageObject\",\"inLanguage\":\"en-US\",\"@id\":\"https:\\\/\\\/loadless.be\\\/index.php\\\/illustration\\\/sketchbook\\\/#primaryimage\",\"url\":\"https:\\\/\\\/loadless.be\\\/wp-content\\\/uploads\\\/2024\\\/11\\\/AHUF7985-1.jpg\",\"contentUrl\":\"https:\\\/\\\/loadless.be\\\/wp-content\\\/uploads\\\/2024\\\/11\\\/AHUF7985-1.jpg\",\"width\":720,\"height\":720},{\"@type\":\"BreadcrumbList\",\"@id\":\"https:\\\/\\\/loadless.be\\\/index.php\\\/illustration\\\/sketchbook\\\/#breadcrumb\",\"itemListElement\":[{\"@type\":\"ListItem\",\"position\":1,\"name\":\"Home\",\"item\":\"https:\\\/\\\/loadless.be\\\/\"},{\"@type\":\"ListItem\",\"position\":2,\"name\":\"Illustration\",\"item\":\"https:\\\/\\\/loadless.be\\\/\"},{\"@type\":\"ListItem\",\"position\":3,\"name\":\"SketchBook\"}]},{\"@type\":\"WebSite\",\"@id\":\"https:\\\/\\\/loadless.be\\\/#website\",\"url\":\"https:\\\/\\\/loadless.be\\\/\",\"name\":\"loadless\",\"description\":\"Illustration and cozy graphic design\",\"potentialAction\":[{\"@type\":\"SearchAction\",\"target\":{\"@type\":\"EntryPoint\",\"urlTemplate\":\"https:\\\/\\\/loadless.be\\\/?s={search_term_string}\"},\"query-input\":{\"@type\":\"PropertyValueSpecification\",\"valueRequired\":true,\"valueName\":\"search_term_string\"}}],\"inLanguage\":\"en-US\"}]}<\/script>\n<!-- \/ Yoast SEO plugin. -->","yoast_head_json":{"title":"SketchBook - loadless","robots":{"index":"index","follow":"follow","max-snippet":"max-snippet:-1","max-image-preview":"max-image-preview:large","max-video-preview":"max-video-preview:-1"},"canonical":"https:\/\/loadless.be\/index.php\/illustration\/sketchbook\/","og_locale":"en_US","og_type":"article","og_title":"SketchBook - loadless","og_description":"The practice of sketching is quite central in my work. I sketch to search as much as to find. Movement, colors, ideas, concept. A mindless doodle can be the start of a big piece or just a nice output for harder days. La pratique du croquis est assez central dans mon travail. Je croque pour [&hellip;]","og_url":"https:\/\/loadless.be\/index.php\/illustration\/sketchbook\/","og_site_name":"loadless","og_image":[{"width":720,"height":720,"url":"https:\/\/loadless.be\/wp-content\/uploads\/2024\/11\/AHUF7985-1.jpg","type":"image\/jpeg"}],"twitter_card":"summary_large_image","twitter_misc":{"Est. reading time":"4 minutes"},"schema":{"@context":"https:\/\/schema.org","@graph":[{"@type":"WebPage","@id":"https:\/\/loadless.be\/index.php\/illustration\/sketchbook\/","url":"https:\/\/loadless.be\/index.php\/illustration\/sketchbook\/","name":"SketchBook - loadless","isPartOf":{"@id":"https:\/\/loadless.be\/#website"},"primaryImageOfPage":{"@id":"https:\/\/loadless.be\/index.php\/illustration\/sketchbook\/#primaryimage"},"image":{"@id":"https:\/\/loadless.be\/index.php\/illustration\/sketchbook\/#primaryimage"},"thumbnailUrl":"https:\/\/loadless.be\/wp-content\/uploads\/2024\/11\/AHUF7985-1.jpg","datePublished":"2024-11-28T19:28:30+00:00","breadcrumb":{"@id":"https:\/\/loadless.be\/index.php\/illustration\/sketchbook\/#breadcrumb"},"inLanguage":"en-US","potentialAction":[{"@type":"ReadAction","target":["https:\/\/loadless.be\/index.php\/illustration\/sketchbook\/"]}]},{"@type":"ImageObject","inLanguage":"en-US","@id":"https:\/\/loadless.be\/index.php\/illustration\/sketchbook\/#primaryimage","url":"https:\/\/loadless.be\/wp-content\/uploads\/2024\/11\/AHUF7985-1.jpg","contentUrl":"https:\/\/loadless.be\/wp-content\/uploads\/2024\/11\/AHUF7985-1.jpg","width":720,"height":720},{"@type":"BreadcrumbList","@id":"https:\/\/loadless.be\/index.php\/illustration\/sketchbook\/#breadcrumb","itemListElement":[{"@type":"ListItem","position":1,"name":"Home","item":"https:\/\/loadless.be\/"},{"@type":"ListItem","position":2,"name":"Illustration","item":"https:\/\/loadless.be\/"},{"@type":"ListItem","position":3,"name":"SketchBook"}]},{"@type":"WebSite","@id":"https:\/\/loadless.be\/#website","url":"https:\/\/loadless.be\/","name":"loadless","description":"Illustration and cozy graphic design","potentialAction":[{"@type":"SearchAction","target":{"@type":"EntryPoint","urlTemplate":"https:\/\/loadless.be\/?s={search_term_string}"},"query-input":{"@type":"PropertyValueSpecification","valueRequired":true,"valueName":"search_term_string"}}],"inLanguage":"en-US"}]}},"_links":{"self":[{"href":"https:\/\/loadless.be\/index.php\/wp-json\/wp\/v2\/pages\/76","targetHints":{"allow":["GET"]}}],"collection":[{"href":"https:\/\/loadless.be\/index.php\/wp-json\/wp\/v2\/pages"}],"about":[{"href":"https:\/\/loadless.be\/index.php\/wp-json\/wp\/v2\/types\/page"}],"author":[{"embeddable":true,"href":"https:\/\/loadless.be\/index.php\/wp-json\/wp\/v2\/users\/1"}],"replies":[{"embeddable":true,"href":"https:\/\/loadless.be\/index.php\/wp-json\/wp\/v2\/comments?post=76"}],"version-history":[{"count":1,"href":"https:\/\/loadless.be\/index.php\/wp-json\/wp\/v2\/pages\/76\/revisions"}],"predecessor-version":[{"id":98,"href":"https:\/\/loadless.be\/index.php\/wp-json\/wp\/v2\/pages\/76\/revisions\/98"}],"up":[{"embeddable":true,"href":"https:\/\/loadless.be\/index.php\/wp-json\/wp\/v2\/pages\/8"}],"wp:attachment":[{"href":"https:\/\/loadless.be\/index.php\/wp-json\/wp\/v2\/media?parent=76"}],"curies":[{"name":"wp","href":"https:\/\/api.w.org\/{rel}","templated":true}]}}